{"id":207,"date":"2017-12-14T22:36:45","date_gmt":"2017-12-14T22:36:45","guid":{"rendered":"http:\/\/dual-doggie.nl\/?page_id=207"},"modified":"2020-04-03T19:48:25","modified_gmt":"2020-04-03T19:48:25","slug":"","status":"publish","type":"page","link":"http:\/\/dual-doggie.nl\/en\/dual-doggie-duo-rollijn-met-gel-handvat\/","title":{"rendered":"Default title","raw":""},"content":{"rendered":"","protected":false,"raw":""},"excerpt":{"rendered":"","protected":false,"raw":""},"author":1,"featured_media":0,"parent":0,"menu_order":0,"comment_status":"closed","ping_status":"closed","template":"","meta":{"_nl_post_content":"<h1>Dual-doggie duo-rollijn met gel handvat - NIEUW!<\/h1>\nDe Dual-doggie duo-rollijn met gel handvat is een combinatie van twee super uitvindingen.\nDe Dual-doggie duo-rollijn met een normaal handvat kennen we inmiddels al jaren: het is d\u00e9 uitvinding \/ d\u00e9 oplossing om twee honden tegelijk uit te laten zonder dat de lijnen in de knoop raken. Nu is deze gecombineerd met een andere geweldige uitvinding: De nieuwste dual-doggie duo-rollijn is nu ook in een uitvoering verkrijgbaar met een (ook gepatenteerd) zeer comfortabel gel handvat.\n\n<img class=\"alignnone size-full wp-image-208\" src=\"http:\/\/dual-doggie.nl\/wp-content\/uploads\/2017\/12\/720x2000x0_wigzi-dual-doggie-retractable-with-gel-handle-new-2018.jpg\" alt=\"Wigzi dual-doggie duo-rollijn met gel handvat\" width=\"600\" height=\"492\" \/>\n<h2><strong>Gel handvat<\/strong><\/h2>\n<strong>Het gel handvat neemt de vorm van uw hand aan en absorbeert schokken van het trekken van uw honden. Uitermate geschikt voor lange wandelingen en mensen met gewrichtspijn, reuma en\/of pijnlijke handen.<\/strong>\n\n<img class=\"alignnone size-full wp-image-209\" src=\"http:\/\/dual-doggie.nl\/wp-content\/uploads\/2017\/12\/wigzi-dual-doggie-rollijn-met-gel-2018.jpg\" alt=\"Wigzi dual-doggie duo-rollijn met gel handvat\" width=\"600\" height=\"492\" \/>\n\nHet gel handvat kennen we al van de duo-riem, maar nu is dus ook de duo-rollijn te verkrijgen met gel handvat.\n\nLaat u twee honden tegelijk uit en loopt u te klungelen met twee rollijnen, of zoals ze vaak genoemd worden, twee flexi's? Stop dan nu met klungelen want dit is d\u00e9 oplossing voor u: <strong>De dual-doggie duo-rollijn: Twee-rollijnen-in-\u00e9\u00e9n.<\/strong>\nDoor het gepatenteerde ontwerp kunnen dat de lijnen niet verward of in de knoop raken.\n\nMet twee afzonderlijke knoppen kunt u de lengte van elke lijn afzonderlijk vastzetten of weer loslaten. De knoppen en de uiteinden van de lijn zijn met kleuren gecodeerd in oranje en groen, zodat u zich niet kan vergissen. Zo houdt u controle over beide honden.\n\nTevens is de band aan het uiteinde van de lijn (dus het gedeelte bij de hond) voorzien van reflecterend materiaal. Dus ook in het donker zijn uw honden goed zichtbaar voor naderde auto's en dus tevens veilig in het donker.\n\nGeschikt voor de kleine tot middelgrote hond.\n\n<img class=\"alignnone wp-image-208 size-medium\" src=\"http:\/\/dual-doggie.nl\/wp-content\/uploads\/2017\/12\/720x2000x0_wigzi-dual-doggie-retractable-with-gel-handle-new-2018-300x246.jpg\" alt=\"Wigzi dual-doggie duo-rollijn met gel handvat\" width=\"300\" height=\"246\" \/>\n\n<img class=\"wp-image-46 alignnone\" src=\"http:\/\/dual-doggie.nl\/wp-content\/uploads\/2016\/08\/s524715042519716851_p6_i5_w160.jpeg\" alt=\"Dual doggie musketon haken\" width=\"235\" height=\"235\" \/>\n\n<img class=\"alignnone wp-image-226 size-medium\" src=\"http:\/\/dual-doggie.nl\/wp-content\/uploads\/2017\/12\/Wigi-Dual-doggie-duo-rollijn-met-gel-handvat-dual-retractable-with-gel-handle-300x187.jpg\" alt=\"Wigi dual-doggie duo-rollijn met gel handvat\" width=\"300\" height=\"187\" \/>\n<h2>Historie van de Dual-doggie duo-rollijnen:<\/h2>\nHet is een uniek product met een gepatenteerd ontwerp.\n\n[caption id=\"attachment_16\" align=\"alignnone\" width=\"300\"]<img class=\"wp-image-16 size-medium\" src=\"http:\/\/dual-doggie.nl\/wp-content\/uploads\/2016\/08\/dual-doggie-300x300.jpg\" alt=\"Wigzi dual-doggie duo-rollijn - retractable dual dog leash\" width=\"300\" height=\"300\" \/> Dual-doggie duo-rollijn - model 2012[\/caption]\n\nVersie 1 bestaat al jaren (sinds 2012 op de markt), echter deze is momenteel nergens meer te koop.\n\n[caption id=\"attachment_95\" align=\"alignnone\" width=\"300\"]<img class=\"wp-image-95 size-medium\" src=\"http:\/\/dual-doggie.nl\/wp-content\/uploads\/2016\/08\/Dual-Doggie-duo-rollijn-retracable-and-reflective-dual-leash-300x243.jpeg\" alt=\"Wigzi dual-doggie duo-rollijn - retractable dual dog leash\" width=\"300\" height=\"243\" \/> dual-doggie duo-rollijn V2.0 - leverbaar sinds eind 2016[\/caption]\n\nV2.0 is een vernieuwde en verbeterde versie van deze geweldige duo-rollijn:\nHet model is vernieuwd, het mechaniek is verbeterd, en heeft nu drukknoppen in plaats van schuifknoppen.\n\n[caption id=\"attachment_208\" align=\"alignnone\" width=\"300\"]<img class=\"wp-image-208 size-medium\" src=\"http:\/\/dual-doggie.nl\/wp-content\/uploads\/2017\/12\/720x2000x0_wigzi-dual-doggie-retractable-with-gel-handle-new-2018-300x246.jpg\" alt=\"Wigzi dual-doggie duo-rollijn met gel handvat\" width=\"300\" height=\"246\" \/> Dual-doggie duo-rollijn met gel handvat - leverbaar sinds eind 2017[\/caption]\n\nDit model is hetzelfde als V2.0, het handvat is nu uitgevoerd met een super ergonomisch gel handvat.\n<h2>Specificaties van de dual-doggie duo-rollijn met gel handvat:<\/h2>\n<ul>\n \t<li>2 rollijnen van elk 2,9 meter (met handvat erbij 3 meter lang)<\/li>\n \t<li>geschikt voor 2 honden (elk tot 22,6 kilo)<\/li>\n \t<li>weegt in totaal nog geen 400 gram<\/li>\n \t<li>de lijnen kunnen oneindig veel draaiingen maken van 360 graden<\/li>\n \t<li>uiteinde van de lijnen zijn voorzien van reflecterend strepen: dit geeft extra veiligheid in het donker<\/li>\n \t<li>met uniek gel handvat: <strong>uitermate geschikt voor lange wandelingen, mensen met reuma en\/of pijnlijke handen.<\/strong><\/li>\n<\/ul>\nWEES TEN ALLE TIJDEN VOORZICHTIG: Net als alle andere rollijnen, de lijnen kunnen snijden, gebruik op eigen risico!\n\nBeide versies van de duo-rollijnen zijn te bestellen op <a href=\"https:\/\/www.shopvoorjehond.nl\">www.shopvoorjehond.nl<\/a>:\n<ul>\n \t<li><a href=\"https:\/\/www.shopvoorjehond.nl\/product\/dual-doggie-rollijn\/\">Dual-doggie duo-rollijn<\/a><\/li>\n \t<li><a href=\"https:\/\/www.shopvoorjehond.nl\/product\/dual-doggie-rollijn-gel\/\">Dual-doggie duo-rollijn met gel handvat<\/a><\/li>\n<\/ul>","_nl_post_name":"dual-doggie-duo-rollijn-met-gel-handvat","_nl_post_excerpt":"","_nl_post_title":"Dual-doggie duo-rollijn met gel handvat","_en_post_content":"","_en_post_name":"","_en_post_excerpt":"","_en_post_title":"","edit_language":"en","_themeisle_gutenberg_block_has_review":false,"footnotes":""},"class_list":["post-207","page","type-page","status-publish","hentry"],"yoast_head":"<!-- This site is optimized with the Yoast SEO plugin v23.6 - https:\/\/yoast.com\/wordpress\/plugins\/seo\/ -->\n<title>Dual-doggie duo-rollijn met gel handvat - dual-doggie.nl<\/title>\n<meta name=\"description\" content=\"De Dual-doggie duo-rollijn met gel handvat is d\u00e9 oplossing voor het tegelijk uitlaten van twee honden. Twee-rollijnen-in-\u00e9\u00e9n nu gecombineerd met gel handvat\" \/>\n<meta name=\"robots\" content=\"index, follow, max-snippet:-1, max-image-preview:large, max-video-preview:-1\" \/>\n<link rel=\"canonical\" href=\"http:\/\/dual-doggie.nl\/dual-doggie-duo-rollijn-met-gel-handvat\/\" \/>\n<meta property=\"og:locale\" content=\"en_GB\" \/>\n<meta property=\"og:type\" content=\"article\" \/>\n<meta property=\"og:title\" content=\"Dual-doggie duo-rollijn met gel handvat - dual-doggie.nl\" \/>\n<meta property=\"og:description\" content=\"De Dual-doggie duo-rollijn met gel handvat is d\u00e9 oplossing voor het tegelijk uitlaten van twee honden. Twee-rollijnen-in-\u00e9\u00e9n nu gecombineerd met gel handvat\" \/>\n<meta property=\"og:url\" content=\"http:\/\/dual-doggie.nl\/dual-doggie-duo-rollijn-met-gel-handvat\/\" \/>\n<meta property=\"og:site_name\" content=\"dual-doggie.nl\" \/>\n<meta property=\"article:publisher\" content=\"http:\/\/www.facebook.com\/dualdoggie\" \/>\n<meta property=\"article:modified_time\" content=\"2020-04-03T19:48:25+00:00\" \/>\n<meta property=\"og:image\" content=\"http:\/\/dual-doggie.nl\/wp-content\/uploads\/2017\/12\/720x2000x0_wigzi-dual-doggie-retractable-with-gel-handle-new-2018.jpg\" \/>\n<meta name=\"twitter:card\" content=\"summary_large_image\" \/>\n<meta name=\"twitter:label1\" content=\"Estimated reading time\" \/>\n\t<meta name=\"twitter:data1\" content=\"3 minutes\" \/>\n<script type=\"application\/ld+json\" class=\"yoast-schema-graph\">{\"@context\":\"https:\/\/schema.org\",\"@graph\":[{\"@type\":\"WebPage\",\"@id\":\"http:\/\/dual-doggie.nl\/dual-doggie-duo-rollijn-met-gel-handvat\/\",\"url\":\"http:\/\/dual-doggie.nl\/dual-doggie-duo-rollijn-met-gel-handvat\/\",\"name\":\"Dual-doggie duo-rollijn met gel handvat - dual-doggie.nl\",\"isPartOf\":{\"@id\":\"https:\/\/dual-doggie.nl\/#website\"},\"primaryImageOfPage\":{\"@id\":\"http:\/\/dual-doggie.nl\/dual-doggie-duo-rollijn-met-gel-handvat\/#primaryimage\"},\"image\":{\"@id\":\"http:\/\/dual-doggie.nl\/dual-doggie-duo-rollijn-met-gel-handvat\/#primaryimage\"},\"thumbnailUrl\":\"http:\/\/dual-doggie.nl\/wp-content\/uploads\/2017\/12\/720x2000x0_wigzi-dual-doggie-retractable-with-gel-handle-new-2018.jpg\",\"datePublished\":\"2017-12-14T22:36:45+00:00\",\"dateModified\":\"2020-04-03T19:48:25+00:00\",\"description\":\"De Dual-doggie duo-rollijn met gel handvat is d\u00e9 oplossing voor het tegelijk uitlaten van twee honden. Twee-rollijnen-in-\u00e9\u00e9n nu gecombineerd met gel handvat\",\"breadcrumb\":{\"@id\":\"http:\/\/dual-doggie.nl\/dual-doggie-duo-rollijn-met-gel-handvat\/#breadcrumb\"},\"inLanguage\":\"en-GB\",\"potentialAction\":[{\"@type\":\"ReadAction\",\"target\":[\"http:\/\/dual-doggie.nl\/dual-doggie-duo-rollijn-met-gel-handvat\/\"]}]},{\"@type\":\"ImageObject\",\"inLanguage\":\"en-GB\",\"@id\":\"http:\/\/dual-doggie.nl\/dual-doggie-duo-rollijn-met-gel-handvat\/#primaryimage\",\"url\":\"http:\/\/dual-doggie.nl\/wp-content\/uploads\/2017\/12\/720x2000x0_wigzi-dual-doggie-retractable-with-gel-handle-new-2018.jpg\",\"contentUrl\":\"http:\/\/dual-doggie.nl\/wp-content\/uploads\/2017\/12\/720x2000x0_wigzi-dual-doggie-retractable-with-gel-handle-new-2018.jpg\"},{\"@type\":\"BreadcrumbList\",\"@id\":\"http:\/\/dual-doggie.nl\/dual-doggie-duo-rollijn-met-gel-handvat\/#breadcrumb\",\"itemListElement\":[{\"@type\":\"ListItem\",\"position\":1,\"name\":\"Home\",\"item\":\"https:\/\/dual-doggie.nl\/\"},{\"@type\":\"ListItem\",\"position\":2,\"name\":\"Dual-doggie duo-rollijn met gel handvat\"}]},{\"@type\":\"WebSite\",\"@id\":\"https:\/\/dual-doggie.nl\/#website\",\"url\":\"https:\/\/dual-doggie.nl\/\",\"name\":\"dual-doggie.nl\",\"description\":\"Twee honden uitlaten? Dit is d\u00e9 oplossing om nooit meer in de knoop te raken!\",\"publisher\":{\"@id\":\"https:\/\/dual-doggie.nl\/#organization\"},\"potentialAction\":[{\"@type\":\"SearchAction\",\"target\":{\"@type\":\"EntryPoint\",\"urlTemplate\":\"https:\/\/dual-doggie.nl\/?s={search_term_string}\"},\"query-input\":{\"@type\":\"PropertyValueSpecification\",\"valueRequired\":true,\"valueName\":\"search_term_string\"}}],\"inLanguage\":\"en-GB\"},{\"@type\":\"Organization\",\"@id\":\"https:\/\/dual-doggie.nl\/#organization\",\"name\":\"Shopvoorjehond.nl\",\"url\":\"https:\/\/dual-doggie.nl\/\",\"logo\":{\"@type\":\"ImageObject\",\"inLanguage\":\"en-GB\",\"@id\":\"https:\/\/dual-doggie.nl\/#\/schema\/logo\/image\/\",\"url\":\"http:\/\/dual-doggie.nl\/wp-content\/uploads\/2016\/08\/Dual-doggie-200x35.png\",\"contentUrl\":\"http:\/\/dual-doggie.nl\/wp-content\/uploads\/2016\/08\/Dual-doggie-200x35.png\",\"width\":200,\"height\":35,\"caption\":\"Shopvoorjehond.nl\"},\"image\":{\"@id\":\"https:\/\/dual-doggie.nl\/#\/schema\/logo\/image\/\"},\"sameAs\":[\"http:\/\/www.facebook.com\/dualdoggie\"]}]}<\/script>\n<!-- \/ Yoast SEO plugin. -->","yoast_head_json":{"title":"Dual-doggie duo-rollijn met gel handvat - dual-doggie.nl","description":"De Dual-doggie duo-rollijn met gel handvat is d\u00e9 oplossing voor het tegelijk uitlaten van twee honden. Twee-rollijnen-in-\u00e9\u00e9n nu gecombineerd met gel handvat","robots":{"index":"index","follow":"follow","max-snippet":"max-snippet:-1","max-image-preview":"max-image-preview:large","max-video-preview":"max-video-preview:-1"},"canonical":"http:\/\/dual-doggie.nl\/dual-doggie-duo-rollijn-met-gel-handvat\/","og_locale":"en_GB","og_type":"article","og_title":"Dual-doggie duo-rollijn met gel handvat - dual-doggie.nl","og_description":"De Dual-doggie duo-rollijn met gel handvat is d\u00e9 oplossing voor het tegelijk uitlaten van twee honden. Twee-rollijnen-in-\u00e9\u00e9n nu gecombineerd met gel handvat","og_url":"http:\/\/dual-doggie.nl\/dual-doggie-duo-rollijn-met-gel-handvat\/","og_site_name":"dual-doggie.nl","article_publisher":"http:\/\/www.facebook.com\/dualdoggie","article_modified_time":"2020-04-03T19:48:25+00:00","og_image":[{"url":"http:\/\/dual-doggie.nl\/wp-content\/uploads\/2017\/12\/720x2000x0_wigzi-dual-doggie-retractable-with-gel-handle-new-2018.jpg"}],"twitter_card":"summary_large_image","twitter_misc":{"Estimated reading time":"3 minutes"},"schema":{"@context":"https:\/\/schema.org","@graph":[{"@type":"WebPage","@id":"http:\/\/dual-doggie.nl\/dual-doggie-duo-rollijn-met-gel-handvat\/","url":"http:\/\/dual-doggie.nl\/dual-doggie-duo-rollijn-met-gel-handvat\/","name":"Dual-doggie duo-rollijn met gel handvat - dual-doggie.nl","isPartOf":{"@id":"https:\/\/dual-doggie.nl\/#website"},"primaryImageOfPage":{"@id":"http:\/\/dual-doggie.nl\/dual-doggie-duo-rollijn-met-gel-handvat\/#primaryimage"},"image":{"@id":"http:\/\/dual-doggie.nl\/dual-doggie-duo-rollijn-met-gel-handvat\/#primaryimage"},"thumbnailUrl":"http:\/\/dual-doggie.nl\/wp-content\/uploads\/2017\/12\/720x2000x0_wigzi-dual-doggie-retractable-with-gel-handle-new-2018.jpg","datePublished":"2017-12-14T22:36:45+00:00","dateModified":"2020-04-03T19:48:25+00:00","description":"De Dual-doggie duo-rollijn met gel handvat is d\u00e9 oplossing voor het tegelijk uitlaten van twee honden. Twee-rollijnen-in-\u00e9\u00e9n nu gecombineerd met gel handvat","breadcrumb":{"@id":"http:\/\/dual-doggie.nl\/dual-doggie-duo-rollijn-met-gel-handvat\/#breadcrumb"},"inLanguage":"en-GB","potentialAction":[{"@type":"ReadAction","target":["http:\/\/dual-doggie.nl\/dual-doggie-duo-rollijn-met-gel-handvat\/"]}]},{"@type":"ImageObject","inLanguage":"en-GB","@id":"http:\/\/dual-doggie.nl\/dual-doggie-duo-rollijn-met-gel-handvat\/#primaryimage","url":"http:\/\/dual-doggie.nl\/wp-content\/uploads\/2017\/12\/720x2000x0_wigzi-dual-doggie-retractable-with-gel-handle-new-2018.jpg","contentUrl":"http:\/\/dual-doggie.nl\/wp-content\/uploads\/2017\/12\/720x2000x0_wigzi-dual-doggie-retractable-with-gel-handle-new-2018.jpg"},{"@type":"BreadcrumbList","@id":"http:\/\/dual-doggie.nl\/dual-doggie-duo-rollijn-met-gel-handvat\/#breadcrumb","itemListElement":[{"@type":"ListItem","position":1,"name":"Home","item":"https:\/\/dual-doggie.nl\/"},{"@type":"ListItem","position":2,"name":"Dual-doggie duo-rollijn met gel handvat"}]},{"@type":"WebSite","@id":"https:\/\/dual-doggie.nl\/#website","url":"https:\/\/dual-doggie.nl\/","name":"dual-doggie.nl","description":"Twee honden uitlaten? Dit is d\u00e9 oplossing om nooit meer in de knoop te raken!","publisher":{"@id":"https:\/\/dual-doggie.nl\/#organization"},"potentialAction":[{"@type":"SearchAction","target":{"@type":"EntryPoint","urlTemplate":"https:\/\/dual-doggie.nl\/?s={search_term_string}"},"query-input":{"@type":"PropertyValueSpecification","valueRequired":true,"valueName":"search_term_string"}}],"inLanguage":"en-GB"},{"@type":"Organization","@id":"https:\/\/dual-doggie.nl\/#organization","name":"Shopvoorjehond.nl","url":"https:\/\/dual-doggie.nl\/","logo":{"@type":"ImageObject","inLanguage":"en-GB","@id":"https:\/\/dual-doggie.nl\/#\/schema\/logo\/image\/","url":"http:\/\/dual-doggie.nl\/wp-content\/uploads\/2016\/08\/Dual-doggie-200x35.png","contentUrl":"http:\/\/dual-doggie.nl\/wp-content\/uploads\/2016\/08\/Dual-doggie-200x35.png","width":200,"height":35,"caption":"Shopvoorjehond.nl"},"image":{"@id":"https:\/\/dual-doggie.nl\/#\/schema\/logo\/image\/"},"sameAs":["http:\/\/www.facebook.com\/dualdoggie"]}]}},"_links":{"self":[{"href":"http:\/\/dual-doggie.nl\/en\/wp-json\/wp\/v2\/pages\/207"}],"collection":[{"href":"http:\/\/dual-doggie.nl\/en\/wp-json\/wp\/v2\/pages"}],"about":[{"href":"http:\/\/dual-doggie.nl\/en\/wp-json\/wp\/v2\/types\/page"}],"author":[{"embeddable":true,"href":"http:\/\/dual-doggie.nl\/en\/wp-json\/wp\/v2\/users\/1"}],"replies":[{"embeddable":true,"href":"http:\/\/dual-doggie.nl\/en\/wp-json\/wp\/v2\/comments?post=207"}],"version-history":[{"count":8,"href":"http:\/\/dual-doggie.nl\/en\/wp-json\/wp\/v2\/pages\/207\/revisions"}],"predecessor-version":[{"id":1901,"href":"http:\/\/dual-doggie.nl\/en\/wp-json\/wp\/v2\/pages\/207\/revisions\/1901"}],"wp:attachment":[{"href":"http:\/\/dual-doggie.nl\/en\/wp-json\/wp\/v2\/media?parent=207"}],"curies":[{"name":"wp","href":"https:\/\/api.w.org\/{rel}","templated":true}]}}