{"id":45,"date":"2016-08-24T20:53:54","date_gmt":"2016-08-24T20:53:54","guid":{"rendered":"http:\/\/dual-doggie.nl\/?page_id=45"},"modified":"2020-04-03T19:44:14","modified_gmt":"2020-04-03T19:44:14","slug":"dual-doggie-duo-rollijn","status":"publish","type":"page","link":"http:\/\/dual-doggie.nl\/en\/dual-doggie-duo-rollijn\/","title":{"rendered":"Default title","raw":""},"content":{"rendered":"","protected":false,"raw":""},"excerpt":{"rendered":"","protected":false,"raw":""},"author":1,"featured_media":33,"parent":0,"menu_order":0,"comment_status":"closed","ping_status":"closed","template":"","meta":{"_nl_post_content":"<h1>dual-doggie duo-rollijn<\/h1>\nLaat u twee honden tegelijk uit en loopt u te klungelen met twee rollijnen, of zoals ze vaak genoemd worden, twee flexi's? Stop dan nu met klungelen want dit is d\u00e9 oplossing voor u: <strong>De dual-doggie duo-rollijn: Twee-rollijnen-in-\u00e9\u00e9n.<\/strong> Door het gepatenteerde ontwerp kunnen dat de lijnen niet verward of in de knoop raken.\n\nMet twee afzonderlijke knoppen kunt u de lengte van elke lijn afzonderlijk vastzetten of weer loslaten. De knoppen en de uiteinden van de lijn zijn met kleuren gecodeerd in oranje en groen, zodat u zich niet kan vergissen. Zo houdt u controle over beide honden.\n\nTevens is de band aan het uiteinde van de lijn (dus het gedeelte bij de hond) voorzien van reflecterend materiaal. Dus ook in het donker zijn uw honden goed zichtbaar voor naderde auto's en dus tevens veilig in het donker.\n\nGeschikt voor de kleine tot middelgrote hond.\n\n<img class=\"alignnone wp-image-95 size-medium\" src=\"http:\/\/dual-doggie.nl\/wp-content\/uploads\/2016\/08\/Dual-Doggie-duo-rollijn-retracable-and-reflective-dual-leash-300x243.jpeg\" alt=\"Versie 2016\" width=\"300\" height=\"243\" \/>\u00a0 <img class=\"wp-image-46 alignnone\" src=\"http:\/\/dual-doggie.nl\/wp-content\/uploads\/2016\/08\/s524715042519716851_p6_i5_w160.jpeg\" alt=\"Dual doggie musketon haken\" width=\"235\" height=\"235\" \/>\n<h2>Historie van de Dual-doggie duo-rollijn:<\/h2>\nHet is een uniek product met een gepatenteerd ontwerp.\n\n[caption id=\"attachment_16\" align=\"alignnone\" width=\"300\"]<img class=\"wp-image-16 size-medium\" src=\"http:\/\/dual-doggie.nl\/wp-content\/uploads\/2016\/08\/dual-doggie-300x300.jpg\" alt=\"Wigzi dual-doggie duo-rollijn - retractable dual dog leash\" width=\"300\" height=\"300\" \/> Dual-doggie duo-rollijn - versie 2012[\/caption]\n\nVersie 1 bestaat al jaren (sinds 2012 op de markt), echter deze is momenteel nergens meer te koop.\n\n[caption id=\"attachment_95\" align=\"alignnone\" width=\"300\"]<img class=\"wp-image-95 size-medium\" src=\"http:\/\/dual-doggie.nl\/wp-content\/uploads\/2016\/08\/Dual-Doggie-duo-rollijn-retracable-and-reflective-dual-leash-300x243.jpeg\" alt=\"Wigzi dual-doggie duo-rollijn - retractable dual dog leash\" width=\"300\" height=\"243\" \/> dual-doggie duo-rollijn - versie 2016[\/caption]\n\nMedio oktober verwachten we dat versie 2 leverbaar wordt: Een vernieuwde en verbeterde versie van deze geweldige duo-rollijn. Het model is vernieuwd, het mechaniek is verbeterd, en heeft nu drukknoppen in plaats van schuifknoppen.\n\nBlijf op de hoogte:\nHeeft u interesse in de dual-doggie duo rollijn, schrijft u zich dan nu in op de nieuwsbrief. U ontvangt dan informatie zodra we weten wanneer en waar versie 2 leverbaar wordt.\n\n<strong>Uw voordeel:<\/strong> Tevens ontvangt u dan uw dual-doggie duo-rollijn zodra deze leverbaar is met <strong>gratis verzendkosten<\/strong>.\n<h2>Specificaties van de nieuwe versie:<\/h2>\n<ul>\n \t<li>2 rollijnen van elk 2,9 meter (met handvat erbij 3 meter lang)<\/li>\n \t<li>geschikt voor 2 honden (elk tot 22,7 kilo)<\/li>\n \t<li>weegt in totaal nog geen 400 gram<\/li>\n \t<li>de lijnen kunnen oneindig veel draaiingen maken van 360 graden<\/li>\n \t<li>uiteinde van de lijnen zijn voorzien van reflecterend strepen: dit geeft extra veiligheid in het donker<\/li>\n<\/ul>\nWEES TEN ALLE TIJDEN VOORZICHTIG: Net als alle andere rollijnen, rollijnen kunnen snijden, gebruik op eigen risico!\n\n<strong>UPDATE 31 oktober 2016:<\/strong> De dual-doggie duo-rollijn is binnen en <strong>leverbaar<\/strong>!\n\nDe duo-rollijn is te bestellen op <a href=\"http:\/\/www.shopvoorjehond.nl\">www.shopvoorjehond.nl<\/a>... Hij staat op: <a href=\"https:\/\/www.shopvoorjehond.nl\/product\/dual-doggie-rollijn\/\">duo-rollijn<\/a>\n\n<span style=\"border-radius: 2px; text-indent: 20px; width: auto; padding: 0px 4px 0px 0px; text-align: center; font: bold 11px\/20px 'Helvetica Neue',Helvetica,sans-serif; color: #ffffff; background: #bd081c no-repeat scroll 3px 50% \/ 14px 14px; position: absolute; opacity: 1; z-index: 8675309; display: none; cursor: pointer;\">Bewaren<\/span>\n\n<span style=\"border-radius: 2px; text-indent: 20px; width: auto; padding: 0px 4px 0px 0px; text-align: center; font: bold 11px\/20px 'Helvetica Neue',Helvetica,sans-serif; color: #ffffff; background: #bd081c no-repeat scroll 3px 50% \/ 14px 14px; position: absolute; opacity: 1; z-index: 8675309; display: none; cursor: pointer;\">Bewaren<\/span>\n\n<span style=\"border-radius: 2px; text-indent: 20px; width: auto; padding: 0px 4px 0px 0px; text-align: center; font: bold 11px\/20px 'Helvetica Neue',Helvetica,sans-serif; color: #ffffff; background: #bd081c no-repeat scroll 3px 50% \/ 14px 14px; position: absolute; opacity: 1; z-index: 8675309; display: none; cursor: pointer;\">Bewaren<\/span>\n\n<span style=\"border-radius: 2px; text-indent: 20px; width: auto; padding: 0px 4px 0px 0px; text-align: center; font: bold 11px\/20px 'Helvetica Neue',Helvetica,sans-serif; color: #ffffff; background: #bd081c no-repeat scroll 3px 50% \/ 14px 14px; position: absolute; opacity: 1; z-index: 8675309; display: none; cursor: pointer;\">Bewaren<\/span>\n\n<span style=\"border-radius: 2px; text-indent: 20px; width: auto; padding: 0px 4px 0px 0px; text-align: center; font: bold 11px\/20px 'Helvetica Neue',Helvetica,sans-serif; color: #ffffff; background: #bd081c no-repeat scroll 3px 50% \/ 14px 14px; position: absolute; opacity: 0.85; z-index: 8675309; display: none; cursor: pointer; top: 188px; left: 20px;\">Bewaren<\/span>\n\n<span style=\"border-radius: 2px; text-indent: 20px; width: auto; padding: 0px 4px 0px 0px; text-align: center; font: bold 11px\/20px 'Helvetica Neue',Helvetica,sans-serif; color: #ffffff; background: #bd081c no-repeat scroll 3px 50% \/ 14px 14px; position: absolute; opacity: 1; z-index: 8675309; display: none; cursor: pointer;\">Bewaren<\/span>\n\n<span style=\"border-radius: 2px; text-indent: 20px; width: auto; padding: 0px 4px 0px 0px; text-align: center; font: bold 11px\/20px 'Helvetica Neue',Helvetica,sans-serif; color: #ffffff; background: #bd081c no-repeat scroll 3px 50% \/ 14px 14px; position: absolute; opacity: 0.85; z-index: 8675309; display: none; cursor: pointer; top: 263px; left: 20px;\">Bewaren<\/span>\n\n<span style=\"border-radius: 2px; text-indent: 20px; width: auto; padding: 0px 4px 0px 0px; text-align: center; font: bold 11px\/20px 'Helvetica Neue',Helvetica,sans-serif; color: #ffffff; background: #bd081c no-repeat scroll 3px 50% \/ 14px 14px; position: absolute; opacity: 1; z-index: 8675309; display: none; cursor: pointer;\">Bewaren<\/span>\n\n<span style=\"border-radius: 2px; text-indent: 20px; width: auto; padding: 0px 4px 0px 0px; text-align: center; font: bold 11px\/20px 'Helvetica Neue',Helvetica,sans-serif; color: #ffffff; background: #bd081c no-repeat scroll 3px 50% \/ 14px 14px; position: absolute; opacity: 0.85; z-index: 8675309; display: none; cursor: pointer; top: 223px; left: 20px;\">Bewaren<\/span>\n\n<span style=\"border-radius: 2px; text-indent: 20px; width: auto; padding: 0px 4px 0px 0px; text-align: center; font: bold 11px\/20px 'Helvetica Neue',Helvetica,sans-serif; color: #ffffff; background: #bd081c no-repeat scroll 3px 50% \/ 14px 14px; position: absolute; opacity: 1; z-index: 8675309; display: none; cursor: pointer;\">Bewaren<\/span>\n\n<span style=\"border-radius: 2px; text-indent: 20px; width: auto; padding: 0px 4px 0px 0px; text-align: center; font: bold 11px\/20px 'Helvetica Neue',Helvetica,sans-serif; color: #ffffff; background: #bd081c no-repeat scroll 3px 50% \/ 14px 14px; position: absolute; opacity: 0.85; z-index: 8675309; display: none; cursor: pointer; top: 223px; left: 20px;\">Bewaren<\/span>\n\n<span style=\"border-radius: 2px; text-indent: 20px; width: auto; padding: 0px 4px 0px 0px; text-align: center; font: bold 11px\/20px 'Helvetica Neue',Helvetica,sans-serif; color: #ffffff; background: #bd081c no-repeat scroll 3px 50% \/ 14px 14px; position: absolute; opacity: 1; z-index: 8675309; display: none; cursor: pointer; top: 335px; left: 20px;\">Bewaren<\/span>\n\n<span style=\"border-radius: 2px; text-indent: 20px; width: auto; padding: 0px 4px 0px 0px; text-align: center; font: bold 11px\/20px 'Helvetica Neue',Helvetica,sans-serif; color: #ffffff; background: #bd081c no-repeat scroll 3px 50% \/ 14px 14px; position: absolute; opacity: 0.85; z-index: 8675309; display: none; cursor: pointer; top: 391px; left: 20px;\">Bewaren<\/span>\n\n<span style=\"border-radius: 2px; text-indent: 20px; width: auto; padding: 0px 4px 0px 0px; text-align: center; font: bold 11px\/20px 'Helvetica Neue',Helvetica,sans-serif; color: #ffffff; background: #bd081c no-repeat scroll 3px 50% \/ 14px 14px; position: absolute; opacity: 0.85; z-index: 8675309; display: none; cursor: pointer; top: 584px; left: 20px;\">Bewaren<\/span>\n\n<span style=\"border-radius: 2px; text-indent: 20px; width: auto; padding: 0px 4px 0px 0px; text-align: center; font: bold 11px\/20px 'Helvetica Neue',Helvetica,sans-serif; color: #ffffff; background: #bd081c no-repeat scroll 3px 50% \/ 14px 14px; position: absolute; opacity: 0.85; z-index: 8675309; display: none; cursor: pointer; top: 391px; left: 20px;\">Bewaren<\/span>\n\n<span style=\"border-radius: 2px; text-indent: 20px; width: auto; padding: 0px 4px 0px 0px; text-align: center; font: bold 11px\/20px 'Helvetica Neue',Helvetica,sans-serif; color: #ffffff; background: #bd081c no-repeat scroll 3px 50% \/ 14px 14px; position: absolute; opacity: 0.85; z-index: 8675309; display: none; cursor: pointer; top: 1116px; left: 20px;\">Bewaren<\/span>\n\n<span style=\"border-radius: 2px; text-indent: 20px; width: auto; padding: 0px 4px 0px 0px; text-align: center; font: bold 11px\/20px 'Helvetica Neue',Helvetica,sans-serif; color: #ffffff; background: #bd081c no-repeat scroll 3px 50% \/ 14px 14px; position: absolute; opacity: 1; z-index: 8675309; display: none; cursor: pointer;\">Bewaren<\/span>\n\n<span style=\"border-radius: 2px; text-indent: 20px; width: auto; padding: 0px 4px 0px 0px; text-align: center; font: bold 11px\/20px 'Helvetica Neue',Helvetica,sans-serif; color: #ffffff; background: #bd081c no-repeat scroll 3px 50% \/ 14px 14px; position: absolute; opacity: 1; z-index: 8675309; display: none; cursor: pointer;\">Bewaren<\/span>\n\n<span style=\"border-radius: 2px; text-indent: 20px; width: auto; padding: 0px 4px 0px 0px; text-align: center; font: bold 11px\/20px 'Helvetica Neue',Helvetica,sans-serif; color: #ffffff; background: #bd081c no-repeat scroll 3px 50% \/ 14px 14px; position: absolute; opacity: 1; z-index: 8675309; display: none; cursor: pointer; top: 1116px; left: 20px;\">Bewaren<\/span>\n\n<span style=\"border-radius: 2px; text-indent: 20px; width: auto; padding: 0px 4px 0px 0px; text-align: center; font: bold 11px\/20px 'Helvetica Neue',Helvetica,sans-serif; color: #ffffff; background: #bd081c no-repeat scroll 3px 50% \/ 14px 14px; position: absolute; opacity: 1; z-index: 8675309; display: none; cursor: pointer;\">Bewaren<\/span>\n\n<span style=\"border-radius: 2px; text-indent: 20px; width: auto; padding: 0px 4px 0px 0px; text-align: center; font: bold 11px\/20px 'Helvetica Neue',Helvetica,sans-serif; color: #ffffff; background: #bd081c no-repeat scroll 3px 50% \/ 14px 14px; position: absolute; opacity: 1; z-index: 8675309; display: none; cursor: pointer;\">Bewaren<\/span>","_nl_post_name":"dual-doggie-duo-rollijn","_nl_post_excerpt":"","_nl_post_title":"dual-doggie duo-rollijn: d\u00e9 oplossing","_en_post_content":"","_en_post_name":"dual-doggie-duo-rollijn","_en_post_excerpt":"","_en_post_title":"","edit_language":"en","_themeisle_gutenberg_block_has_review":false,"footnotes":""},"class_list":["post-45","page","type-page","status-publish","has-post-thumbnail","hentry"],"yoast_head":"<!-- This site is optimized with the Yoast SEO plugin v23.6 - https:\/\/yoast.com\/wordpress\/plugins\/seo\/ -->\n<title>dual-doggie duo-rollijn: d\u00e9 oplossing - dual-doggie.nl<\/title>\n<meta name=\"description\" content=\"De dual-doggie duo-rollijn is d\u00e9 oplossing om twee honden tegelijk uit te laten, nooit meer in de knoop met twee flexi&#039;s als u de dual-doggie gebruikt.\" \/>\n<meta name=\"robots\" content=\"index, follow, max-snippet:-1, max-image-preview:large, max-video-preview:-1\" \/>\n<link rel=\"canonical\" href=\"http:\/\/dual-doggie.nl\/en\/dual-doggie-duo-rollijn\/\" \/>\n<meta property=\"og:locale\" content=\"en_GB\" \/>\n<meta property=\"og:type\" content=\"article\" \/>\n<meta property=\"og:title\" content=\"dual-doggie duo-rollijn: d\u00e9 oplossing - dual-doggie.nl\" \/>\n<meta property=\"og:description\" content=\"De dual-doggie duo-rollijn is d\u00e9 oplossing om twee honden tegelijk uit te laten, nooit meer in de knoop met twee flexi&#039;s als u de dual-doggie gebruikt.\" \/>\n<meta property=\"og:url\" content=\"http:\/\/dual-doggie.nl\/en\/dual-doggie-duo-rollijn\/\" \/>\n<meta property=\"og:site_name\" content=\"dual-doggie.nl\" \/>\n<meta property=\"article:publisher\" content=\"http:\/\/www.facebook.com\/dualdoggie\" \/>\n<meta property=\"article:modified_time\" content=\"2020-04-03T19:44:14+00:00\" \/>\n<meta property=\"og:image\" content=\"http:\/\/dual-doggie.nl\/wp-content\/uploads\/2016\/08\/dual-doggie-300x300-transparant.png\" \/>\n\t<meta property=\"og:image:width\" content=\"300\" \/>\n\t<meta property=\"og:image:height\" content=\"300\" \/>\n\t<meta property=\"og:image:type\" content=\"image\/png\" \/>\n<meta name=\"twitter:card\" content=\"summary_large_image\" \/>\n<meta name=\"twitter:label1\" content=\"Estimated reading time\" \/>\n\t<meta name=\"twitter:data1\" content=\"2 minutes\" \/>\n<script type=\"application\/ld+json\" class=\"yoast-schema-graph\">{\"@context\":\"https:\/\/schema.org\",\"@graph\":[{\"@type\":\"WebPage\",\"@id\":\"http:\/\/dual-doggie.nl\/en\/dual-doggie-duo-rollijn\/\",\"url\":\"http:\/\/dual-doggie.nl\/en\/dual-doggie-duo-rollijn\/\",\"name\":\"dual-doggie duo-rollijn: d\u00e9 oplossing - dual-doggie.nl\",\"isPartOf\":{\"@id\":\"https:\/\/dual-doggie.nl\/en\/#website\"},\"primaryImageOfPage\":{\"@id\":\"http:\/\/dual-doggie.nl\/en\/dual-doggie-duo-rollijn\/#primaryimage\"},\"image\":{\"@id\":\"http:\/\/dual-doggie.nl\/en\/dual-doggie-duo-rollijn\/#primaryimage\"},\"thumbnailUrl\":\"http:\/\/dual-doggie.nl\/wp-content\/uploads\/2016\/08\/dual-doggie-300x300-transparant.png\",\"datePublished\":\"2016-08-24T20:53:54+00:00\",\"dateModified\":\"2020-04-03T19:44:14+00:00\",\"description\":\"De dual-doggie duo-rollijn is d\u00e9 oplossing om twee honden tegelijk uit te laten, nooit meer in de knoop met twee flexi's als u de dual-doggie gebruikt.\",\"breadcrumb\":{\"@id\":\"http:\/\/dual-doggie.nl\/en\/dual-doggie-duo-rollijn\/#breadcrumb\"},\"inLanguage\":\"en-GB\",\"potentialAction\":[{\"@type\":\"ReadAction\",\"target\":[\"http:\/\/dual-doggie.nl\/en\/dual-doggie-duo-rollijn\/\"]}]},{\"@type\":\"ImageObject\",\"inLanguage\":\"en-GB\",\"@id\":\"http:\/\/dual-doggie.nl\/en\/dual-doggie-duo-rollijn\/#primaryimage\",\"url\":\"http:\/\/dual-doggie.nl\/wp-content\/uploads\/2016\/08\/dual-doggie-300x300-transparant.png\",\"contentUrl\":\"http:\/\/dual-doggie.nl\/wp-content\/uploads\/2016\/08\/dual-doggie-300x300-transparant.png\",\"width\":300,\"height\":300,\"caption\":\"dual-doggie duo-rollijn: D\u00e9 oplossing om twee honden tegelijk uit te laten\"},{\"@type\":\"BreadcrumbList\",\"@id\":\"http:\/\/dual-doggie.nl\/en\/dual-doggie-duo-rollijn\/#breadcrumb\",\"itemListElement\":[{\"@type\":\"ListItem\",\"position\":1,\"name\":\"Home\",\"item\":\"https:\/\/dual-doggie.nl\/en\/\"},{\"@type\":\"ListItem\",\"position\":2,\"name\":\"dual-doggie duo-rollijn: d\u00e9 oplossing\"}]},{\"@type\":\"WebSite\",\"@id\":\"https:\/\/dual-doggie.nl\/en\/#website\",\"url\":\"https:\/\/dual-doggie.nl\/en\/\",\"name\":\"dual-doggie.nl\",\"description\":\"Twee honden uitlaten? Dit is d\u00e9 oplossing om nooit meer in de knoop te raken!\",\"publisher\":{\"@id\":\"https:\/\/dual-doggie.nl\/en\/#organization\"},\"potentialAction\":[{\"@type\":\"SearchAction\",\"target\":{\"@type\":\"EntryPoint\",\"urlTemplate\":\"https:\/\/dual-doggie.nl\/en\/?s={search_term_string}\"},\"query-input\":{\"@type\":\"PropertyValueSpecification\",\"valueRequired\":true,\"valueName\":\"search_term_string\"}}],\"inLanguage\":\"en-GB\"},{\"@type\":\"Organization\",\"@id\":\"https:\/\/dual-doggie.nl\/en\/#organization\",\"name\":\"Shopvoorjehond.nl\",\"url\":\"https:\/\/dual-doggie.nl\/en\/\",\"logo\":{\"@type\":\"ImageObject\",\"inLanguage\":\"en-GB\",\"@id\":\"https:\/\/dual-doggie.nl\/en\/#\/schema\/logo\/image\/\",\"url\":\"http:\/\/dual-doggie.nl\/wp-content\/uploads\/2016\/08\/Dual-doggie-200x35.png\",\"contentUrl\":\"http:\/\/dual-doggie.nl\/wp-content\/uploads\/2016\/08\/Dual-doggie-200x35.png\",\"width\":200,\"height\":35,\"caption\":\"Shopvoorjehond.nl\"},\"image\":{\"@id\":\"https:\/\/dual-doggie.nl\/en\/#\/schema\/logo\/image\/\"},\"sameAs\":[\"http:\/\/www.facebook.com\/dualdoggie\"]}]}<\/script>\n<!-- \/ Yoast SEO plugin. -->","yoast_head_json":{"title":"dual-doggie duo-rollijn: d\u00e9 oplossing - dual-doggie.nl","description":"De dual-doggie duo-rollijn is d\u00e9 oplossing om twee honden tegelijk uit te laten, nooit meer in de knoop met twee flexi's als u de dual-doggie gebruikt.","robots":{"index":"index","follow":"follow","max-snippet":"max-snippet:-1","max-image-preview":"max-image-preview:large","max-video-preview":"max-video-preview:-1"},"canonical":"http:\/\/dual-doggie.nl\/en\/dual-doggie-duo-rollijn\/","og_locale":"en_GB","og_type":"article","og_title":"dual-doggie duo-rollijn: d\u00e9 oplossing - dual-doggie.nl","og_description":"De dual-doggie duo-rollijn is d\u00e9 oplossing om twee honden tegelijk uit te laten, nooit meer in de knoop met twee flexi's als u de dual-doggie gebruikt.","og_url":"http:\/\/dual-doggie.nl\/en\/dual-doggie-duo-rollijn\/","og_site_name":"dual-doggie.nl","article_publisher":"http:\/\/www.facebook.com\/dualdoggie","article_modified_time":"2020-04-03T19:44:14+00:00","og_image":[{"width":300,"height":300,"url":"http:\/\/dual-doggie.nl\/wp-content\/uploads\/2016\/08\/dual-doggie-300x300-transparant.png","type":"image\/png"}],"twitter_card":"summary_large_image","twitter_misc":{"Estimated reading time":"2 minutes"},"schema":{"@context":"https:\/\/schema.org","@graph":[{"@type":"WebPage","@id":"http:\/\/dual-doggie.nl\/en\/dual-doggie-duo-rollijn\/","url":"http:\/\/dual-doggie.nl\/en\/dual-doggie-duo-rollijn\/","name":"dual-doggie duo-rollijn: d\u00e9 oplossing - dual-doggie.nl","isPartOf":{"@id":"https:\/\/dual-doggie.nl\/en\/#website"},"primaryImageOfPage":{"@id":"http:\/\/dual-doggie.nl\/en\/dual-doggie-duo-rollijn\/#primaryimage"},"image":{"@id":"http:\/\/dual-doggie.nl\/en\/dual-doggie-duo-rollijn\/#primaryimage"},"thumbnailUrl":"http:\/\/dual-doggie.nl\/wp-content\/uploads\/2016\/08\/dual-doggie-300x300-transparant.png","datePublished":"2016-08-24T20:53:54+00:00","dateModified":"2020-04-03T19:44:14+00:00","description":"De dual-doggie duo-rollijn is d\u00e9 oplossing om twee honden tegelijk uit te laten, nooit meer in de knoop met twee flexi's als u de dual-doggie gebruikt.","breadcrumb":{"@id":"http:\/\/dual-doggie.nl\/en\/dual-doggie-duo-rollijn\/#breadcrumb"},"inLanguage":"en-GB","potentialAction":[{"@type":"ReadAction","target":["http:\/\/dual-doggie.nl\/en\/dual-doggie-duo-rollijn\/"]}]},{"@type":"ImageObject","inLanguage":"en-GB","@id":"http:\/\/dual-doggie.nl\/en\/dual-doggie-duo-rollijn\/#primaryimage","url":"http:\/\/dual-doggie.nl\/wp-content\/uploads\/2016\/08\/dual-doggie-300x300-transparant.png","contentUrl":"http:\/\/dual-doggie.nl\/wp-content\/uploads\/2016\/08\/dual-doggie-300x300-transparant.png","width":300,"height":300,"caption":"dual-doggie duo-rollijn: D\u00e9 oplossing om twee honden tegelijk uit te laten"},{"@type":"BreadcrumbList","@id":"http:\/\/dual-doggie.nl\/en\/dual-doggie-duo-rollijn\/#breadcrumb","itemListElement":[{"@type":"ListItem","position":1,"name":"Home","item":"https:\/\/dual-doggie.nl\/en\/"},{"@type":"ListItem","position":2,"name":"dual-doggie duo-rollijn: d\u00e9 oplossing"}]},{"@type":"WebSite","@id":"https:\/\/dual-doggie.nl\/en\/#website","url":"https:\/\/dual-doggie.nl\/en\/","name":"dual-doggie.nl","description":"Twee honden uitlaten? Dit is d\u00e9 oplossing om nooit meer in de knoop te raken!","publisher":{"@id":"https:\/\/dual-doggie.nl\/en\/#organization"},"potentialAction":[{"@type":"SearchAction","target":{"@type":"EntryPoint","urlTemplate":"https:\/\/dual-doggie.nl\/en\/?s={search_term_string}"},"query-input":{"@type":"PropertyValueSpecification","valueRequired":true,"valueName":"search_term_string"}}],"inLanguage":"en-GB"},{"@type":"Organization","@id":"https:\/\/dual-doggie.nl\/en\/#organization","name":"Shopvoorjehond.nl","url":"https:\/\/dual-doggie.nl\/en\/","logo":{"@type":"ImageObject","inLanguage":"en-GB","@id":"https:\/\/dual-doggie.nl\/en\/#\/schema\/logo\/image\/","url":"http:\/\/dual-doggie.nl\/wp-content\/uploads\/2016\/08\/Dual-doggie-200x35.png","contentUrl":"http:\/\/dual-doggie.nl\/wp-content\/uploads\/2016\/08\/Dual-doggie-200x35.png","width":200,"height":35,"caption":"Shopvoorjehond.nl"},"image":{"@id":"https:\/\/dual-doggie.nl\/en\/#\/schema\/logo\/image\/"},"sameAs":["http:\/\/www.facebook.com\/dualdoggie"]}]}},"_links":{"self":[{"href":"http:\/\/dual-doggie.nl\/en\/wp-json\/wp\/v2\/pages\/45"}],"collection":[{"href":"http:\/\/dual-doggie.nl\/en\/wp-json\/wp\/v2\/pages"}],"about":[{"href":"http:\/\/dual-doggie.nl\/en\/wp-json\/wp\/v2\/types\/page"}],"author":[{"embeddable":true,"href":"http:\/\/dual-doggie.nl\/en\/wp-json\/wp\/v2\/users\/1"}],"replies":[{"embeddable":true,"href":"http:\/\/dual-doggie.nl\/en\/wp-json\/wp\/v2\/comments?post=45"}],"version-history":[{"count":25,"href":"http:\/\/dual-doggie.nl\/en\/wp-json\/wp\/v2\/pages\/45\/revisions"}],"predecessor-version":[{"id":1896,"href":"http:\/\/dual-doggie.nl\/en\/wp-json\/wp\/v2\/pages\/45\/revisions\/1896"}],"wp:featuredmedia":[{"embeddable":true,"href":"http:\/\/dual-doggie.nl\/en\/wp-json\/wp\/v2\/media\/33"}],"wp:attachment":[{"href":"http:\/\/dual-doggie.nl\/en\/wp-json\/wp\/v2\/media?parent=45"}],"curies":[{"name":"wp","href":"https:\/\/api.w.org\/{rel}","templated":true}]}}