{"id":1170,"date":"2020-02-14T15:32:55","date_gmt":"2020-02-14T15:32:55","guid":{"rendered":"http:\/\/dual-doggie.nl\/product\/\/"},"modified":"2024-09-10T19:27:04","modified_gmt":"2024-09-10T19:27:04","slug":"dual-doggie-duo-rollijn-met-gel-handvat","status":"publish","type":"product","link":"http:\/\/dual-doggie.nl\/en\/product\/dual-doggie-duo-rollijn-met-gel-handvat\/","title":{"rendered":"Default title","raw":""},"content":{"rendered":"","protected":false,"raw":""},"excerpt":{"rendered":"","protected":false,"raw":""},"featured_media":208,"comment_status":"open","ping_status":"closed","template":"","meta":{"_nl_post_content":"<h1>Wigzi Dual-doggie duo-rollijn met gel handvat \u2013 NIEUW!<\/h1>\r\nDe duo-rollijn voorzien van een normaal handvat kennen we inmiddels al jaren: het is d\u00e9 uitvinding \/ d\u00e9 oplossing om twee honden tegelijk uit te laten zonder dat de lijnen in de knoop raken. De <strong>Wigzi\u00a0Dual-doggie duo-rollijn met gel handvat <\/strong>is een combinatie van twee super uitvindingen, want nu\u00a0is deze duo-rollijn voorzien van een andere geweldige uitvinding: De nieuwste dual-doggie duo-rollijn is nu ook in een uitvoering verkrijgbaar die voorzien is van een\u00a0<strong>zeer comfortabel gel handvat<\/strong>.\r\n\r\n<a href=\"http:\/\/dual-doggie.nl\/wp-content\/uploads\/2017\/12\/Wigzi-Dual-doggie-duo-rollijn-met-gel-handvat.png\"><img class=\"alignnone wp-image-223 size-full\" src=\"http:\/\/dual-doggie.nl\/wp-content\/uploads\/2017\/12\/Wigzi-Dual-doggie-duo-rollijn-met-gel-handvat.png\" alt=\"\" width=\"350\" height=\"350\" \/><\/a>\r\n<h2><strong>Gel handvat<\/strong><\/h2>\r\nHet gel handvat neemt de vorm van uw hand aan en absorbeert schokken van het trekken van uw honden. Hierdoor is deze uitermate geschikt voor lange wandelingen en ideaal voor mensen die last hebben van gewrichtspijnen, reuma en\/of pijnlijke handen.\r\n\r\n<a href=\"http:\/\/dual-doggie.nl\/wp-content\/uploads\/2017\/12\/wigzi-dual-doggie-rollijn-met-gel-2018.jpg\"><img class=\"alignnone wp-image-209 size-full\" src=\"http:\/\/dual-doggie.nl\/wp-content\/uploads\/2017\/12\/wigzi-dual-doggie-rollijn-met-gel-2018-e1596749873449.jpg\" alt=\"Wigzi dual-doggie duo-rollijn met gel handvat\" width=\"600\" height=\"492\" \/><\/a>\r\n\r\nHet gel handvat kennen we al van de duo-riem, maar nu is dus ook de duo-rollijn ook te verkrijgen met gel handvat.\r\n<h1>dual-doggie duo-rollijn<\/h1>\r\nLaat u twee honden tegelijk uit en gebruikt u hiervoor twee aparte rollijnen, of zoals ze vaak genoemd worden, twee flexi's? Stop dan nu met klungelen want dit is d\u00e9 oplossing voor u: <strong>De dual-doggie duo-rollijn: Twee-rollijnen-in-\u00e9\u00e9n.<\/strong> Door het gepatenteerde ontwerp kunnen dat de lijnen niet verward of in de knoop raken.\r\n\r\nDoor middel van twee afzonderlijke knoppen kunt u de lengte van elke lijn afzonderlijk vastzetten of weer loslaten. De knoppen en de uiteinden van de lijn zijn beide in de oranje en groene kleuren gecodeerd, zodat u zich niet kan vergissen. Zo houdt u controle over beide honden.\r\n\r\nTevens is de band aan het uiteinde van de lijn (dus het gedeelte bij de hond) voorzien van reflecterend materiaal. Dus ook in het donker zijn uw honden goed zichtbaar voor naderde auto's en dus tevens veilig in het donker.\r\n\r\nGeschikt voor de kleine tot middelgrote hond.\r\n\r\n<a href=\"http:\/\/dual-doggie.nl\/wp-content\/uploads\/2017\/12\/Dual-doggie-duo-rollijn-met-gel-handvat.png\"><img class=\"alignnone wp-image-213 size-full\" src=\"http:\/\/dual-doggie.nl\/wp-content\/uploads\/2017\/12\/Dual-doggie-duo-rollijn-met-gel-handvat.png\" alt=\"\" width=\"150\" height=\"150\" \/><\/a><a href=\"http:\/\/dual-doggie.nl\/wp-content\/uploads\/2016\/08\/s524715042519716851_p6_i5_w160.jpeg\"><img class=\"alignnone wp-image-46 size-full\" src=\"http:\/\/dual-doggie.nl\/wp-content\/uploads\/2016\/08\/s524715042519716851_p6_i5_w160.jpeg\" alt=\"\" width=\"160\" height=\"160\" \/><\/a>\r\n\r\n<a href=\"http:\/\/dual-doggie.nl\/wp-content\/uploads\/2017\/12\/Wigi-Dual-doggie-duo-rollijn-met-gel-handvat-dual-retractable-with-gel-handle-e1596750098403.jpg\"><img class=\"alignnone wp-image-226 size-full\" src=\"http:\/\/dual-doggie.nl\/wp-content\/uploads\/2017\/12\/Wigi-Dual-doggie-duo-rollijn-met-gel-handvat-dual-retractable-with-gel-handle-e1596750098403.jpg\" alt=\"Wigi dual-doggie duo-rollijn met gel handvat\" width=\"600\" height=\"374\" \/><\/a>\r\n<h2>Specificaties van de Wigzi dual-doggie duo-rollijn met gel handvat:<\/h2>\r\n<ul>\r\n \t<li>2 rollijnen van elk 2,9 meter lang (lengte inclusief handvat: 3 meter lang)<\/li>\r\n \t<li>geschikt voor 2 honden (elk tot 22,6 kilo)<\/li>\r\n \t<li>weegt in totaal nog geen 400 gram<\/li>\r\n \t<li>de lijnen kunnen oneindig veel draaiingen maken van 360 graden<\/li>\r\n \t<li>uiteinde van de lijnen zijn voorzien van reflecterend strepen: dit geeft extra veiligheid in het donker<\/li>\r\n \t<li>uniek gel handvat: <strong>uitermate geschikt voor lange wandelingen, mensen met reuma en\/of pijnlijke handen.<\/strong><\/li>\r\n<\/ul>\r\n<span style=\"text-indent: 20px; width: auto; padding: 0px 4px 0px 0px; text-align: center; font: bold 11px\/20px 'Helvetica Neue',Helvetica,sans-serif; color: #ffffff; background: #bd081c no-repeat scroll 3px 50% \/ 14px 14px; cursor: pointer;\">Bewaren<\/span>","_nl_post_name":"dual-doggie-duo-rollijn-met-gel-handvat","_nl_post_excerpt":"Dual-doggie Duo-rollijn met gel handvat - D\u00e9 oplossing voor het tegelijk uitlaten van twee honden. Met ergonomisch gel handvat.\r\n\r\nAdviesprijs : \u20ac 59,95\r\n\r\n<span style=\"color: #ff0000;\"><strong>Nu weer te bestellen\r\nUit voorraad leverbaar<\/strong><\/span>\r\n\r\n<strong><span style=\"color: #ff0000;\">ACTIE: in prijs verlaagd!!!<\/span><\/strong>\r\n\r\n&nbsp;","_nl_post_title":"Wigzi dual-doggie duo-rollijn met gel handvat","_en_post_content":"","_en_post_name":"dual-doggie-duo-rollijn-met-gel-handvat","_en_post_excerpt":"","_en_post_title":"","edit_language":"en","_themeisle_gutenberg_block_has_review":false},"product_cat":[40],"product_tag":[],"class_list":{"0":"post-1170","1":"product","2":"type-product","3":"status-publish","4":"has-post-thumbnail","6":"product_cat-wigzi-duo-rollijnen","8":"first","9":"instock","10":"featured","11":"taxable","12":"shipping-taxable","13":"product-type-simple"},"yoast_head":"<!-- This site is optimized with the Yoast SEO plugin v23.6 - https:\/\/yoast.com\/wordpress\/plugins\/seo\/ -->\n<title>Wigzi dual-doggie duo-rollijn met gel handvat - dual-doggie.nl<\/title>\n<meta name=\"description\" content=\"De dual-doggie duo-rollijn is d\u00e9 oplossing om twee honden tegelijk uit te laten, nooit meer in de knoop met twee flexi&#039;s als u de dual-doggie gebruikt.\" \/>\n<meta name=\"robots\" content=\"index, follow, max-snippet:-1, max-image-preview:large, max-video-preview:-1\" \/>\n<link rel=\"canonical\" href=\"http:\/\/dual-doggie.nl\/product\/dual-doggie-duo-rollijn-met-gel-handvat\/\" \/>\n<meta property=\"og:locale\" content=\"en_GB\" \/>\n<meta property=\"og:type\" content=\"article\" \/>\n<meta property=\"og:title\" content=\"Wigzi dual-doggie duo-rollijn met gel handvat - dual-doggie.nl\" \/>\n<meta property=\"og:description\" content=\"De dual-doggie duo-rollijn is d\u00e9 oplossing om twee honden tegelijk uit te laten, nooit meer in de knoop met twee flexi&#039;s als u de dual-doggie gebruikt.\" \/>\n<meta property=\"og:url\" content=\"http:\/\/dual-doggie.nl\/product\/dual-doggie-duo-rollijn-met-gel-handvat\/\" \/>\n<meta property=\"og:site_name\" content=\"dual-doggie.nl\" \/>\n<meta property=\"article:publisher\" content=\"http:\/\/www.facebook.com\/dualdoggie\" \/>\n<meta property=\"article:modified_time\" content=\"2024-09-10T19:27:04+00:00\" \/>\n<meta property=\"og:image\" content=\"http:\/\/dual-doggie.nl\/wp-content\/uploads\/2017\/12\/720x2000x0_wigzi-dual-doggie-retractable-with-gel-handle-new-2018.jpg\" \/>\n\t<meta property=\"og:image:width\" content=\"600\" \/>\n\t<meta property=\"og:image:height\" content=\"492\" \/>\n\t<meta property=\"og:image:type\" content=\"image\/jpeg\" \/>\n<meta name=\"twitter:card\" content=\"summary_large_image\" \/>\n<meta name=\"twitter:label1\" content=\"Estimated reading time\" \/>\n\t<meta name=\"twitter:data1\" content=\"2 minutes\" \/>\n<script type=\"application\/ld+json\" class=\"yoast-schema-graph\">{\"@context\":\"https:\/\/schema.org\",\"@graph\":[{\"@type\":\"WebPage\",\"@id\":\"http:\/\/dual-doggie.nl\/product\/dual-doggie-duo-rollijn-met-gel-handvat\/\",\"url\":\"http:\/\/dual-doggie.nl\/product\/dual-doggie-duo-rollijn-met-gel-handvat\/\",\"name\":\"Wigzi dual-doggie duo-rollijn met gel handvat - dual-doggie.nl\",\"isPartOf\":{\"@id\":\"http:\/\/dual-doggie.nl\/#website\"},\"primaryImageOfPage\":{\"@id\":\"http:\/\/dual-doggie.nl\/product\/dual-doggie-duo-rollijn-met-gel-handvat\/#primaryimage\"},\"image\":{\"@id\":\"http:\/\/dual-doggie.nl\/product\/dual-doggie-duo-rollijn-met-gel-handvat\/#primaryimage\"},\"thumbnailUrl\":\"http:\/\/dual-doggie.nl\/wp-content\/uploads\/2017\/12\/720x2000x0_wigzi-dual-doggie-retractable-with-gel-handle-new-2018.jpg\",\"datePublished\":\"2020-02-14T15:32:55+00:00\",\"dateModified\":\"2024-09-10T19:27:04+00:00\",\"description\":\"De dual-doggie duo-rollijn is d\u00e9 oplossing om twee honden tegelijk uit te laten, nooit meer in de knoop met twee flexi's als u de dual-doggie gebruikt.\",\"breadcrumb\":{\"@id\":\"http:\/\/dual-doggie.nl\/product\/dual-doggie-duo-rollijn-met-gel-handvat\/#breadcrumb\"},\"inLanguage\":\"en-GB\",\"potentialAction\":[{\"@type\":\"ReadAction\",\"target\":[\"http:\/\/dual-doggie.nl\/product\/dual-doggie-duo-rollijn-met-gel-handvat\/\"]}]},{\"@type\":\"ImageObject\",\"inLanguage\":\"en-GB\",\"@id\":\"http:\/\/dual-doggie.nl\/product\/dual-doggie-duo-rollijn-met-gel-handvat\/#primaryimage\",\"url\":\"http:\/\/dual-doggie.nl\/wp-content\/uploads\/2017\/12\/720x2000x0_wigzi-dual-doggie-retractable-with-gel-handle-new-2018.jpg\",\"contentUrl\":\"http:\/\/dual-doggie.nl\/wp-content\/uploads\/2017\/12\/720x2000x0_wigzi-dual-doggie-retractable-with-gel-handle-new-2018.jpg\",\"width\":600,\"height\":492,\"caption\":\"Wigzi dual-doggie duo-rollijn met gel handvat\"},{\"@type\":\"BreadcrumbList\",\"@id\":\"http:\/\/dual-doggie.nl\/product\/dual-doggie-duo-rollijn-met-gel-handvat\/#breadcrumb\",\"itemListElement\":[{\"@type\":\"ListItem\",\"position\":1,\"name\":\"Home\",\"item\":\"http:\/\/dual-doggie.nl\/\"},{\"@type\":\"ListItem\",\"position\":2,\"name\":\"Producten\",\"item\":\"http:\/\/dual-doggie.nl\/product\/\"},{\"@type\":\"ListItem\",\"position\":3,\"name\":\"Wigzi dual-doggie duo-rollijn met gel handvat\"}]},{\"@type\":\"WebSite\",\"@id\":\"http:\/\/dual-doggie.nl\/#website\",\"url\":\"http:\/\/dual-doggie.nl\/\",\"name\":\"dual-doggie.nl\",\"description\":\"Twee honden uitlaten? Dit is d\u00e9 oplossing om nooit meer in de knoop te raken!\",\"publisher\":{\"@id\":\"http:\/\/dual-doggie.nl\/#organization\"},\"potentialAction\":[{\"@type\":\"SearchAction\",\"target\":{\"@type\":\"EntryPoint\",\"urlTemplate\":\"http:\/\/dual-doggie.nl\/?s={search_term_string}\"},\"query-input\":{\"@type\":\"PropertyValueSpecification\",\"valueRequired\":true,\"valueName\":\"search_term_string\"}}],\"inLanguage\":\"en-GB\"},{\"@type\":\"Organization\",\"@id\":\"http:\/\/dual-doggie.nl\/#organization\",\"name\":\"Shopvoorjehond.nl\",\"url\":\"http:\/\/dual-doggie.nl\/\",\"logo\":{\"@type\":\"ImageObject\",\"inLanguage\":\"en-GB\",\"@id\":\"http:\/\/dual-doggie.nl\/#\/schema\/logo\/image\/\",\"url\":\"http:\/\/dual-doggie.nl\/wp-content\/uploads\/2016\/08\/Dual-doggie-200x35.png\",\"contentUrl\":\"http:\/\/dual-doggie.nl\/wp-content\/uploads\/2016\/08\/Dual-doggie-200x35.png\",\"width\":200,\"height\":35,\"caption\":\"Shopvoorjehond.nl\"},\"image\":{\"@id\":\"http:\/\/dual-doggie.nl\/#\/schema\/logo\/image\/\"},\"sameAs\":[\"http:\/\/www.facebook.com\/dualdoggie\"]}]}<\/script>\n<!-- \/ Yoast SEO plugin. -->","yoast_head_json":{"title":"Wigzi dual-doggie duo-rollijn met gel handvat - dual-doggie.nl","description":"De dual-doggie duo-rollijn is d\u00e9 oplossing om twee honden tegelijk uit te laten, nooit meer in de knoop met twee flexi's als u de dual-doggie gebruikt.","robots":{"index":"index","follow":"follow","max-snippet":"max-snippet:-1","max-image-preview":"max-image-preview:large","max-video-preview":"max-video-preview:-1"},"canonical":"http:\/\/dual-doggie.nl\/product\/dual-doggie-duo-rollijn-met-gel-handvat\/","og_locale":"en_GB","og_type":"article","og_title":"Wigzi dual-doggie duo-rollijn met gel handvat - dual-doggie.nl","og_description":"De dual-doggie duo-rollijn is d\u00e9 oplossing om twee honden tegelijk uit te laten, nooit meer in de knoop met twee flexi's als u de dual-doggie gebruikt.","og_url":"http:\/\/dual-doggie.nl\/product\/dual-doggie-duo-rollijn-met-gel-handvat\/","og_site_name":"dual-doggie.nl","article_publisher":"http:\/\/www.facebook.com\/dualdoggie","article_modified_time":"2024-09-10T19:27:04+00:00","og_image":[{"width":600,"height":492,"url":"http:\/\/dual-doggie.nl\/wp-content\/uploads\/2017\/12\/720x2000x0_wigzi-dual-doggie-retractable-with-gel-handle-new-2018.jpg","type":"image\/jpeg"}],"twitter_card":"summary_large_image","twitter_misc":{"Estimated reading time":"2 minutes"},"schema":{"@context":"https:\/\/schema.org","@graph":[{"@type":"WebPage","@id":"http:\/\/dual-doggie.nl\/product\/dual-doggie-duo-rollijn-met-gel-handvat\/","url":"http:\/\/dual-doggie.nl\/product\/dual-doggie-duo-rollijn-met-gel-handvat\/","name":"Wigzi dual-doggie duo-rollijn met gel handvat - dual-doggie.nl","isPartOf":{"@id":"http:\/\/dual-doggie.nl\/#website"},"primaryImageOfPage":{"@id":"http:\/\/dual-doggie.nl\/product\/dual-doggie-duo-rollijn-met-gel-handvat\/#primaryimage"},"image":{"@id":"http:\/\/dual-doggie.nl\/product\/dual-doggie-duo-rollijn-met-gel-handvat\/#primaryimage"},"thumbnailUrl":"http:\/\/dual-doggie.nl\/wp-content\/uploads\/2017\/12\/720x2000x0_wigzi-dual-doggie-retractable-with-gel-handle-new-2018.jpg","datePublished":"2020-02-14T15:32:55+00:00","dateModified":"2024-09-10T19:27:04+00:00","description":"De dual-doggie duo-rollijn is d\u00e9 oplossing om twee honden tegelijk uit te laten, nooit meer in de knoop met twee flexi's als u de dual-doggie gebruikt.","breadcrumb":{"@id":"http:\/\/dual-doggie.nl\/product\/dual-doggie-duo-rollijn-met-gel-handvat\/#breadcrumb"},"inLanguage":"en-GB","potentialAction":[{"@type":"ReadAction","target":["http:\/\/dual-doggie.nl\/product\/dual-doggie-duo-rollijn-met-gel-handvat\/"]}]},{"@type":"ImageObject","inLanguage":"en-GB","@id":"http:\/\/dual-doggie.nl\/product\/dual-doggie-duo-rollijn-met-gel-handvat\/#primaryimage","url":"http:\/\/dual-doggie.nl\/wp-content\/uploads\/2017\/12\/720x2000x0_wigzi-dual-doggie-retractable-with-gel-handle-new-2018.jpg","contentUrl":"http:\/\/dual-doggie.nl\/wp-content\/uploads\/2017\/12\/720x2000x0_wigzi-dual-doggie-retractable-with-gel-handle-new-2018.jpg","width":600,"height":492,"caption":"Wigzi dual-doggie duo-rollijn met gel handvat"},{"@type":"BreadcrumbList","@id":"http:\/\/dual-doggie.nl\/product\/dual-doggie-duo-rollijn-met-gel-handvat\/#breadcrumb","itemListElement":[{"@type":"ListItem","position":1,"name":"Home","item":"http:\/\/dual-doggie.nl\/"},{"@type":"ListItem","position":2,"name":"Producten","item":"http:\/\/dual-doggie.nl\/product\/"},{"@type":"ListItem","position":3,"name":"Wigzi dual-doggie duo-rollijn met gel handvat"}]},{"@type":"WebSite","@id":"http:\/\/dual-doggie.nl\/#website","url":"http:\/\/dual-doggie.nl\/","name":"dual-doggie.nl","description":"Twee honden uitlaten? Dit is d\u00e9 oplossing om nooit meer in de knoop te raken!","publisher":{"@id":"http:\/\/dual-doggie.nl\/#organization"},"potentialAction":[{"@type":"SearchAction","target":{"@type":"EntryPoint","urlTemplate":"http:\/\/dual-doggie.nl\/?s={search_term_string}"},"query-input":{"@type":"PropertyValueSpecification","valueRequired":true,"valueName":"search_term_string"}}],"inLanguage":"en-GB"},{"@type":"Organization","@id":"http:\/\/dual-doggie.nl\/#organization","name":"Shopvoorjehond.nl","url":"http:\/\/dual-doggie.nl\/","logo":{"@type":"ImageObject","inLanguage":"en-GB","@id":"http:\/\/dual-doggie.nl\/#\/schema\/logo\/image\/","url":"http:\/\/dual-doggie.nl\/wp-content\/uploads\/2016\/08\/Dual-doggie-200x35.png","contentUrl":"http:\/\/dual-doggie.nl\/wp-content\/uploads\/2016\/08\/Dual-doggie-200x35.png","width":200,"height":35,"caption":"Shopvoorjehond.nl"},"image":{"@id":"http:\/\/dual-doggie.nl\/#\/schema\/logo\/image\/"},"sameAs":["http:\/\/www.facebook.com\/dualdoggie"]}]}},"_links":{"self":[{"href":"http:\/\/dual-doggie.nl\/en\/wp-json\/wp\/v2\/product\/1170"}],"collection":[{"href":"http:\/\/dual-doggie.nl\/en\/wp-json\/wp\/v2\/product"}],"about":[{"href":"http:\/\/dual-doggie.nl\/en\/wp-json\/wp\/v2\/types\/product"}],"replies":[{"embeddable":true,"href":"http:\/\/dual-doggie.nl\/en\/wp-json\/wp\/v2\/comments?post=1170"}],"wp:featuredmedia":[{"embeddable":true,"href":"http:\/\/dual-doggie.nl\/en\/wp-json\/wp\/v2\/media\/208"}],"wp:attachment":[{"href":"http:\/\/dual-doggie.nl\/en\/wp-json\/wp\/v2\/media?parent=1170"}],"wp:term":[{"taxonomy":"product_cat","embeddable":true,"href":"http:\/\/dual-doggie.nl\/en\/wp-json\/wp\/v2\/product_cat?post=1170"},{"taxonomy":"product_tag","embeddable":true,"href":"http:\/\/dual-doggie.nl\/en\/wp-json\/wp\/v2\/product_tag?post=1170"}],"curies":[{"name":"wp","href":"https:\/\/api.w.org\/{rel}","templated":true}]}}