{"id":15,"date":"2016-08-23T21:54:49","date_gmt":"2016-08-23T21:54:49","guid":{"rendered":"http:\/\/dual-doggie.nl\/?post_type=product&#038;p=15"},"modified":"2024-12-31T17:24:58","modified_gmt":"2024-12-31T17:24:58","slug":"","status":"publish","type":"product","link":"http:\/\/dual-doggie.nl\/en\/product\/dual-doggie-duo-rollijn\/","title":{"rendered":"Default title","raw":""},"content":{"rendered":"","protected":false,"raw":""},"excerpt":{"rendered":"","protected":false,"raw":""},"featured_media":95,"comment_status":"open","ping_status":"closed","template":"","meta":{"_nl_post_content":"<h1>dual-doggie duo-rollijn<\/h1>\r\nLaat u twee honden tegelijk uit en loopt u te klungelen met twee rollijnen, of zoals ze vaak genoemd worden, twee flexi's? Stop dan nu met klungelen want dit is d\u00e9 oplossing voor u: <strong>De dual-doggie duo-rollijn: Twee-rollijnen-in-\u00e9\u00e9n.<\/strong> Door het gepatenteerde ontwerp kunnen dat de lijnen niet verward of in de knoop raken.\r\n\r\nMet twee afzonderlijke knoppen kunt u de lengte van elke lijn afzonderlijk vastzetten of weer loslaten. De knoppen en de uiteinden van de lijn zijn met kleuren gecodeerd in oranje en groen, zodat u zich niet kan vergissen. Zo houdt u controle over beide honden.\r\n\r\nTevens is de band aan het uiteinde van de lijn (dus het gedeelte bij de hond) voorzien van reflecterend materiaal. Dus ook in het donker zijn uw honden goed zichtbaar voor naderde auto's en dus tevens veilig in het donker.\r\n\r\nGeschikt voor de kleine tot middelgrote hond.\r\n\r\n<a href=\"http:\/\/dual-doggie.nl\/wp-content\/uploads\/2016\/09\/Dual-Doggie-duo-rollijn-retracable-and-reflective-dual-leash-150x150-2.jpeg\"><img class=\"alignnone wp-image-104 size-full\" src=\"http:\/\/dual-doggie.nl\/wp-content\/uploads\/2016\/09\/Dual-Doggie-duo-rollijn-retracable-and-reflective-dual-leash-150x150-2.jpeg\" alt=\"\" width=\"150\" height=\"150\" \/><\/a> <img class=\"alignnone wp-image-46 size-full\" src=\"http:\/\/dual-doggie.nl\/wp-content\/uploads\/2016\/08\/s524715042519716851_p6_i5_w160.jpeg\" alt=\"Dual doggie musketon haken\" width=\"160\" height=\"160\" \/>\r\n\r\nSpecificaties van de dual-doggie duo-rollijn:\r\n<ul>\r\n \t<li>2 rollijnen van elk 3,5 meter<\/li>\r\n \t<li>geschikt voor 2 honden (elk tot 13,5 kilo)<\/li>\r\n \t<li>weegt in totaal maar 567 gram<\/li>\r\n \t<li>de lijnen kunnen oneindig veel draaiingen maken van 360 graden<\/li>\r\n \t<li>uiteinde van de lijnen zijn voorzien van reflecterend strepen: dit geeft extra veiligheid in het donker<\/li>\r\n<\/ul>\r\n<span style=\"text-indent: 20px; width: auto; padding: 0px 4px 0px 0px; text-align: center; font: bold 11px\/20px 'Helvetica Neue',Helvetica,sans-serif; color: #ffffff; background: #bd081c no-repeat scroll 3px 50% \/ 14px 14px; cursor: pointer;\">Bewaren<\/span>","_nl_post_name":"dual-doggie-duo-rollijn","_nl_post_excerpt":"Dual-doggie Duo-rollijn V2\r\n\r\nAdviesprijs : \u20ac 49,95","_nl_post_title":"dual-doggie duo-rollijn: D\u00e9 oplossing","_en_post_content":"","_en_post_name":"","_en_post_excerpt":"","_en_post_title":"","edit_language":"en","_themeisle_gutenberg_block_has_review":false},"product_cat":[40],"product_tag":[],"class_list":{"0":"post-15","1":"product","2":"type-product","3":"status-publish","4":"has-post-thumbnail","6":"product_cat-wigzi-duo-rollijnen","8":"first","9":"instock","10":"featured","11":"taxable","12":"shipping-taxable","13":"purchasable","14":"product-type-simple"},"yoast_head":"<!-- This site is optimized with the Yoast SEO plugin v23.6 - https:\/\/yoast.com\/wordpress\/plugins\/seo\/ -->\n<title>dual-doggie duo-rollijn: D\u00e9 oplossing - dual-doggie.nl<\/title>\n<meta name=\"description\" content=\"De dual-doggie duo-rollijn is d\u00e9 oplossing om twee honden tegelijk uit te laten, nooit meer in de knoop met twee flexi&#039;s als u de dual-doggie gebruikt.\" \/>\n<meta name=\"robots\" content=\"index, follow, max-snippet:-1, max-image-preview:large, max-video-preview:-1\" \/>\n<link rel=\"canonical\" href=\"http:\/\/dual-doggie.nl\/en\/product\/dual-doggie-duo-rollijn\/\" \/>\n<meta property=\"og:locale\" content=\"en_GB\" \/>\n<meta property=\"og:type\" content=\"article\" \/>\n<meta property=\"og:title\" content=\"dual-doggie duo-rollijn: D\u00e9 oplossing - dual-doggie.nl\" \/>\n<meta property=\"og:description\" content=\"De dual-doggie duo-rollijn is d\u00e9 oplossing om twee honden tegelijk uit te laten, nooit meer in de knoop met twee flexi&#039;s als u de dual-doggie gebruikt.\" \/>\n<meta property=\"og:url\" content=\"http:\/\/dual-doggie.nl\/en\/product\/dual-doggie-duo-rollijn\/\" \/>\n<meta property=\"og:site_name\" content=\"dual-doggie.nl\" \/>\n<meta property=\"article:publisher\" content=\"http:\/\/www.facebook.com\/dualdoggie\" \/>\n<meta property=\"article:modified_time\" content=\"2024-12-31T17:24:58+00:00\" \/>\n<meta property=\"og:image\" content=\"http:\/\/dual-doggie.nl\/wp-content\/uploads\/2016\/08\/Dual-Doggie-duo-rollijn-retracable-and-reflective-dual-leash.jpeg\" \/>\n\t<meta property=\"og:image:width\" content=\"1187\" \/>\n\t<meta property=\"og:image:height\" content=\"960\" \/>\n\t<meta property=\"og:image:type\" content=\"image\/jpeg\" \/>\n<meta name=\"twitter:card\" content=\"summary_large_image\" \/>\n<meta name=\"twitter:label1\" content=\"Estimated reading time\" \/>\n\t<meta name=\"twitter:data1\" content=\"1 minute\" \/>\n<script type=\"application\/ld+json\" class=\"yoast-schema-graph\">{\"@context\":\"https:\/\/schema.org\",\"@graph\":[{\"@type\":\"WebPage\",\"@id\":\"http:\/\/dual-doggie.nl\/en\/product\/dual-doggie-duo-rollijn\/\",\"url\":\"http:\/\/dual-doggie.nl\/en\/product\/dual-doggie-duo-rollijn\/\",\"name\":\"dual-doggie duo-rollijn: D\u00e9 oplossing - dual-doggie.nl\",\"isPartOf\":{\"@id\":\"http:\/\/dual-doggie.nl\/en\/#website\"},\"primaryImageOfPage\":{\"@id\":\"http:\/\/dual-doggie.nl\/en\/product\/dual-doggie-duo-rollijn\/#primaryimage\"},\"image\":{\"@id\":\"http:\/\/dual-doggie.nl\/en\/product\/dual-doggie-duo-rollijn\/#primaryimage\"},\"thumbnailUrl\":\"http:\/\/dual-doggie.nl\/wp-content\/uploads\/2016\/08\/Dual-Doggie-duo-rollijn-retracable-and-reflective-dual-leash.jpeg\",\"datePublished\":\"2016-08-23T21:54:49+00:00\",\"dateModified\":\"2024-12-31T17:24:58+00:00\",\"description\":\"De dual-doggie duo-rollijn is d\u00e9 oplossing om twee honden tegelijk uit te laten, nooit meer in de knoop met twee flexi's als u de dual-doggie gebruikt.\",\"breadcrumb\":{\"@id\":\"http:\/\/dual-doggie.nl\/en\/product\/dual-doggie-duo-rollijn\/#breadcrumb\"},\"inLanguage\":\"en-GB\",\"potentialAction\":[{\"@type\":\"ReadAction\",\"target\":[\"http:\/\/dual-doggie.nl\/en\/product\/dual-doggie-duo-rollijn\/\"]}]},{\"@type\":\"ImageObject\",\"inLanguage\":\"en-GB\",\"@id\":\"http:\/\/dual-doggie.nl\/en\/product\/dual-doggie-duo-rollijn\/#primaryimage\",\"url\":\"http:\/\/dual-doggie.nl\/wp-content\/uploads\/2016\/08\/Dual-Doggie-duo-rollijn-retracable-and-reflective-dual-leash.jpeg\",\"contentUrl\":\"http:\/\/dual-doggie.nl\/wp-content\/uploads\/2016\/08\/Dual-Doggie-duo-rollijn-retracable-and-reflective-dual-leash.jpeg\",\"width\":1187,\"height\":960,\"caption\":\"Wigzi dual-doggie duo-rollijn retractable and reflective dual dog leash V2\"},{\"@type\":\"BreadcrumbList\",\"@id\":\"http:\/\/dual-doggie.nl\/en\/product\/dual-doggie-duo-rollijn\/#breadcrumb\",\"itemListElement\":[{\"@type\":\"ListItem\",\"position\":1,\"name\":\"Home\",\"item\":\"http:\/\/dual-doggie.nl\/en\/\"},{\"@type\":\"ListItem\",\"position\":2,\"name\":\"Products\",\"item\":\"http:\/\/dual-doggie.nl\/en\/product\/\"},{\"@type\":\"ListItem\",\"position\":3,\"name\":\"dual-doggie duo-rollijn: D\u00e9 oplossing\"}]},{\"@type\":\"WebSite\",\"@id\":\"http:\/\/dual-doggie.nl\/en\/#website\",\"url\":\"http:\/\/dual-doggie.nl\/en\/\",\"name\":\"dual-doggie.nl\",\"description\":\"Twee honden uitlaten? Dit is d\u00e9 oplossing om nooit meer in de knoop te raken!\",\"publisher\":{\"@id\":\"http:\/\/dual-doggie.nl\/en\/#organization\"},\"potentialAction\":[{\"@type\":\"SearchAction\",\"target\":{\"@type\":\"EntryPoint\",\"urlTemplate\":\"http:\/\/dual-doggie.nl\/en\/?s={search_term_string}\"},\"query-input\":{\"@type\":\"PropertyValueSpecification\",\"valueRequired\":true,\"valueName\":\"search_term_string\"}}],\"inLanguage\":\"en-GB\"},{\"@type\":\"Organization\",\"@id\":\"http:\/\/dual-doggie.nl\/en\/#organization\",\"name\":\"Shopvoorjehond.nl\",\"url\":\"http:\/\/dual-doggie.nl\/en\/\",\"logo\":{\"@type\":\"ImageObject\",\"inLanguage\":\"en-GB\",\"@id\":\"http:\/\/dual-doggie.nl\/en\/#\/schema\/logo\/image\/\",\"url\":\"http:\/\/dual-doggie.nl\/wp-content\/uploads\/2016\/08\/Dual-doggie-200x35.png\",\"contentUrl\":\"http:\/\/dual-doggie.nl\/wp-content\/uploads\/2016\/08\/Dual-doggie-200x35.png\",\"width\":200,\"height\":35,\"caption\":\"Shopvoorjehond.nl\"},\"image\":{\"@id\":\"http:\/\/dual-doggie.nl\/en\/#\/schema\/logo\/image\/\"},\"sameAs\":[\"http:\/\/www.facebook.com\/dualdoggie\"]}]}<\/script>\n<!-- \/ Yoast SEO plugin. -->","yoast_head_json":{"title":"dual-doggie duo-rollijn: D\u00e9 oplossing - dual-doggie.nl","description":"De dual-doggie duo-rollijn is d\u00e9 oplossing om twee honden tegelijk uit te laten, nooit meer in de knoop met twee flexi's als u de dual-doggie gebruikt.","robots":{"index":"index","follow":"follow","max-snippet":"max-snippet:-1","max-image-preview":"max-image-preview:large","max-video-preview":"max-video-preview:-1"},"canonical":"http:\/\/dual-doggie.nl\/en\/product\/dual-doggie-duo-rollijn\/","og_locale":"en_GB","og_type":"article","og_title":"dual-doggie duo-rollijn: D\u00e9 oplossing - dual-doggie.nl","og_description":"De dual-doggie duo-rollijn is d\u00e9 oplossing om twee honden tegelijk uit te laten, nooit meer in de knoop met twee flexi's als u de dual-doggie gebruikt.","og_url":"http:\/\/dual-doggie.nl\/en\/product\/dual-doggie-duo-rollijn\/","og_site_name":"dual-doggie.nl","article_publisher":"http:\/\/www.facebook.com\/dualdoggie","article_modified_time":"2024-12-31T17:24:58+00:00","og_image":[{"width":1187,"height":960,"url":"http:\/\/dual-doggie.nl\/wp-content\/uploads\/2016\/08\/Dual-Doggie-duo-rollijn-retracable-and-reflective-dual-leash.jpeg","type":"image\/jpeg"}],"twitter_card":"summary_large_image","twitter_misc":{"Estimated reading time":"1 minute"},"schema":{"@context":"https:\/\/schema.org","@graph":[{"@type":"WebPage","@id":"http:\/\/dual-doggie.nl\/en\/product\/dual-doggie-duo-rollijn\/","url":"http:\/\/dual-doggie.nl\/en\/product\/dual-doggie-duo-rollijn\/","name":"dual-doggie duo-rollijn: D\u00e9 oplossing - dual-doggie.nl","isPartOf":{"@id":"http:\/\/dual-doggie.nl\/en\/#website"},"primaryImageOfPage":{"@id":"http:\/\/dual-doggie.nl\/en\/product\/dual-doggie-duo-rollijn\/#primaryimage"},"image":{"@id":"http:\/\/dual-doggie.nl\/en\/product\/dual-doggie-duo-rollijn\/#primaryimage"},"thumbnailUrl":"http:\/\/dual-doggie.nl\/wp-content\/uploads\/2016\/08\/Dual-Doggie-duo-rollijn-retracable-and-reflective-dual-leash.jpeg","datePublished":"2016-08-23T21:54:49+00:00","dateModified":"2024-12-31T17:24:58+00:00","description":"De dual-doggie duo-rollijn is d\u00e9 oplossing om twee honden tegelijk uit te laten, nooit meer in de knoop met twee flexi's als u de dual-doggie gebruikt.","breadcrumb":{"@id":"http:\/\/dual-doggie.nl\/en\/product\/dual-doggie-duo-rollijn\/#breadcrumb"},"inLanguage":"en-GB","potentialAction":[{"@type":"ReadAction","target":["http:\/\/dual-doggie.nl\/en\/product\/dual-doggie-duo-rollijn\/"]}]},{"@type":"ImageObject","inLanguage":"en-GB","@id":"http:\/\/dual-doggie.nl\/en\/product\/dual-doggie-duo-rollijn\/#primaryimage","url":"http:\/\/dual-doggie.nl\/wp-content\/uploads\/2016\/08\/Dual-Doggie-duo-rollijn-retracable-and-reflective-dual-leash.jpeg","contentUrl":"http:\/\/dual-doggie.nl\/wp-content\/uploads\/2016\/08\/Dual-Doggie-duo-rollijn-retracable-and-reflective-dual-leash.jpeg","width":1187,"height":960,"caption":"Wigzi dual-doggie duo-rollijn retractable and reflective dual dog leash V2"},{"@type":"BreadcrumbList","@id":"http:\/\/dual-doggie.nl\/en\/product\/dual-doggie-duo-rollijn\/#breadcrumb","itemListElement":[{"@type":"ListItem","position":1,"name":"Home","item":"http:\/\/dual-doggie.nl\/en\/"},{"@type":"ListItem","position":2,"name":"Products","item":"http:\/\/dual-doggie.nl\/en\/product\/"},{"@type":"ListItem","position":3,"name":"dual-doggie duo-rollijn: D\u00e9 oplossing"}]},{"@type":"WebSite","@id":"http:\/\/dual-doggie.nl\/en\/#website","url":"http:\/\/dual-doggie.nl\/en\/","name":"dual-doggie.nl","description":"Twee honden uitlaten? Dit is d\u00e9 oplossing om nooit meer in de knoop te raken!","publisher":{"@id":"http:\/\/dual-doggie.nl\/en\/#organization"},"potentialAction":[{"@type":"SearchAction","target":{"@type":"EntryPoint","urlTemplate":"http:\/\/dual-doggie.nl\/en\/?s={search_term_string}"},"query-input":{"@type":"PropertyValueSpecification","valueRequired":true,"valueName":"search_term_string"}}],"inLanguage":"en-GB"},{"@type":"Organization","@id":"http:\/\/dual-doggie.nl\/en\/#organization","name":"Shopvoorjehond.nl","url":"http:\/\/dual-doggie.nl\/en\/","logo":{"@type":"ImageObject","inLanguage":"en-GB","@id":"http:\/\/dual-doggie.nl\/en\/#\/schema\/logo\/image\/","url":"http:\/\/dual-doggie.nl\/wp-content\/uploads\/2016\/08\/Dual-doggie-200x35.png","contentUrl":"http:\/\/dual-doggie.nl\/wp-content\/uploads\/2016\/08\/Dual-doggie-200x35.png","width":200,"height":35,"caption":"Shopvoorjehond.nl"},"image":{"@id":"http:\/\/dual-doggie.nl\/en\/#\/schema\/logo\/image\/"},"sameAs":["http:\/\/www.facebook.com\/dualdoggie"]}]}},"_links":{"self":[{"href":"http:\/\/dual-doggie.nl\/en\/wp-json\/wp\/v2\/product\/15"}],"collection":[{"href":"http:\/\/dual-doggie.nl\/en\/wp-json\/wp\/v2\/product"}],"about":[{"href":"http:\/\/dual-doggie.nl\/en\/wp-json\/wp\/v2\/types\/product"}],"replies":[{"embeddable":true,"href":"http:\/\/dual-doggie.nl\/en\/wp-json\/wp\/v2\/comments?post=15"}],"wp:featuredmedia":[{"embeddable":true,"href":"http:\/\/dual-doggie.nl\/en\/wp-json\/wp\/v2\/media\/95"}],"wp:attachment":[{"href":"http:\/\/dual-doggie.nl\/en\/wp-json\/wp\/v2\/media?parent=15"}],"wp:term":[{"taxonomy":"product_cat","embeddable":true,"href":"http:\/\/dual-doggie.nl\/en\/wp-json\/wp\/v2\/product_cat?post=15"},{"taxonomy":"product_tag","embeddable":true,"href":"http:\/\/dual-doggie.nl\/en\/wp-json\/wp\/v2\/product_tag?post=15"}],"curies":[{"name":"wp","href":"https:\/\/api.w.org\/{rel}","templated":true}]}}