{"id":1203,"date":"2020-02-14T21:21:48","date_gmt":"2020-02-14T21:21:48","guid":{"rendered":"http:\/\/dual-doggie.nl\/product\/\/"},"modified":"2024-01-17T22:43:27","modified_gmt":"2024-01-17T22:43:27","slug":"","status":"publish","type":"product","link":"https:\/\/dual-doggie.nl\/en\/product\/triotect-huidcreme-het-wondermiddel-voor-de-huid\/","title":{"rendered":"Default title","raw":""},"content":{"rendered":"","protected":false,"raw":""},"excerpt":{"rendered":"","protected":false,"raw":""},"featured_media":1206,"comment_status":"open","ping_status":"closed","template":"","meta":{"_nl_post_content":"<h1>H\u00e9t wondermiddel voor de huid: Triotect huidcr\u00e8me<\/h1>\r\nAl jaren gebruiken we het zelf. Wij kunnen en willen absoluut niet zonder: Wat is dit een wondermiddel voor de huid!\r\nVoor onze eigen huid en die van onze (naakt)honden.\r\n\r\nUit eigen ervaring weten we dat het supercr\u00e8me is, we hebben zelf zeer goede ervaringen bij herstel na brandwonden en huidirritaties. Ook gebruiken we het zelf als dag- en nachtcr\u00e8me. Ook gebruiken we Triotect op de huid van doorligplekken (onder de oksel) van onze hond. Onze naakthondjes smeren wij ermee in na het scrubben.\r\n\r\n<strong>Wilt u Triotect particulier bestellen? Kijk dan helemaal onderaan deze product-pagina!<\/strong>\r\n<h2>Toepassingen voor de mens:<\/h2>\r\nTriotect is te gebruiken en wordt speciaal aanbevolen bij:\r\n<ul>\r\n \t<li>eczeem<\/li>\r\n \t<li>psoriasis<\/li>\r\n \t<li>(1e graads) brandwonden<\/li>\r\n \t<li>droge, rode, ruwe, jeukende of ge\u00efrriteerde huid<\/li>\r\n \t<li>iedere huidirritatie<\/li>\r\n \t<li>droge of gebarsten lippen<\/li>\r\n \t<li>hielkoven<\/li>\r\n \t<li>baby's bij bijv. luieruitslag<\/li>\r\n<\/ul>\r\nTe gebruiken als:\r\n<ul>\r\n \t<li>dag- en nacht cr\u00e9me<\/li>\r\n \t<li>handcr\u00e9me<\/li>\r\n \t<li>after-sun<\/li>\r\n \t<li>na het plaatsen van een tattoo<\/li>\r\n \t<li>om wonden sneller te herstellen<\/li>\r\n<\/ul>\r\nOok zeer geschikt ter voorkoming van uitgedroogde en gebarsten handen bij mensen die dagelijks (beroepsmatig) veel en grondig hun handen wassen (ziekenhuispersoneel).\r\n\r\nVoor uitwendig gebruik over het hele lichaam.\r\n<h2>Toepassingen voor de hond<\/h2>\r\nTriotect is voor de hond te gebruiken bij:\r\n<ul>\r\n \t<li>droge, uitgedroogde of ge\u00efrriteerde huid<\/li>\r\n \t<li>droge voetzolen \/ voetkussens<\/li>\r\n \t<li>hotspots (ge\u00efrriteerde huid \/ broeiplekken)<\/li>\r\n \t<li>wondjes<\/li>\r\n \t<li>kale plekken<\/li>\r\n \t<li>doorlig plekken<\/li>\r\n \t<li>onder 'de oksels' bij (naakt)honden<\/li>\r\n \t<li>voor een zachte huid<\/li>\r\n \t<li>after-sun<\/li>\r\n \t<li>Huid plooien en neuzen<\/li>\r\n<\/ul>\r\n<h2><a href=\"http:\/\/dual-doggie.nl\/wp-content\/uploads\/2020\/02\/Triotect-de-huidbeschermer-beschermt-herstelt-en-hydrateert-de-huid-voorkant-tube.jpg\"><img class=\"alignnone size-medium wp-image-1206\" src=\"http:\/\/dual-doggie.nl\/wp-content\/uploads\/2020\/02\/Triotect-de-huidbeschermer-beschermt-herstelt-en-hydrateert-de-huid-voorkant-tube-300x225.jpg\" alt=\"\" width=\"300\" height=\"225\" \/><\/a><\/h2>\r\n<h2>Triotect huidcr\u00e8me - omschrijving<\/h2>\r\nTriotect is de huidbeschermer bij een rode en ruwe huid. Beschermt en herstelt de huid en geeft nieuwe vitaliteit. Triotect is een puur natuurlijke huidbeschermer op basis van bijenwas, natuurlijke vaseline en extra verrijkt met natuurlijke vitamine E.\r\n\r\nSpeciaal aanbevolen bij eczeem, psioriasis, 1e graads brandwonden en verder bij iedere huidirritatie.\r\nTriotect is niet vet en wordt volledig door de huid opgenomen. Triotect is daardoor veilig voor kleding en linnengoed.\r\n\r\nVolgens oud-Egyptisch recept: De Egyptenaren ontdekten dat honing en bijenwas hielp bij het herstel van de huid.\r\nTriotect huidcr\u00e8me wordt al heel lang door dokteren in veel ziekenhuizen gebruikt en zij willen absoluut niet meer zonder!\r\n\r\nTriotect bouwt de huid opnieuw op en zorgt hierbij voor een soepele en elastische huid. Triotect huidcr\u00e8me is ook zeer geschikt voor bescherming en wederopbouw van de huid.\r\n\r\nTriotect is gemaakt van 100% natuurlijke producten.\r\n\r\nNu eindelijk ook bij ons verkrijgbaar.\u00a0<strong>Wilt u Triotect particulier bestellen? Kijk dan helemaal onderaan deze product-pagina!<\/strong>\r\n<h2>Triotect huidcr\u00e8me - ingredi\u00ebnten<\/h2>\r\nTriotect bevat de volgende ingredi\u00ebnten:\r\nAqua (water), Stearinezuur (verzadigd vetzuur), Cera alba (gezuiverde bijenwas), Theobroma cacao (cacaoboom), Petrolatum (vaseline), Cetyl alcohol (potvisolie), lanoline (schapenwolvet), paraffine liquidum (minerale oli\u00ebn), cetylesters (natuurlijke was geproduceerd uit kokosnoot), Bib oras natricus (antiseptisch middel), Methylparaben en Ethylparaben (conserverings- en antischimmelmiddelen).\r\n<h3>Bewaaradvies:<\/h3>\r\nTriotect bewaren tussen de 5\u00b0C en 30 \u00b0C\r\n\r\n<i>Inhoud ca. 100 gram<\/i>\r\n\r\n<a href=\"https:\/\/www.facebook.com\/triotectwondercreme\">Triotect op Facebook<\/a>\r\n<h2>Wilt u Triotect particulier bestellen?<\/h2>\r\nDeze webpagina op <a href=\"http:\/\/www.dual-doggie.nl\">dual-doggie.nl<\/a> bevindt zich op onze\u00a0B2B-webshop en is dus alleen voor onze zakelijke klanten \/ onze dealers.\r\n\r\n=&gt; <strong>Voor particulieren hebben we onze andere webshop <a href=\"https:\/\/www.shopvoorjethuis.nl\">shopvoorjethuis.nl<\/a>.<\/strong>\r\nHier kan u wel als particulier bestellen (met en ook zonder een account).\u00a0<a href=\"https:\/\/www.shopvoorjethuis.nl\/webshop\/mooi--gezond\/lichaamsverzorging\/manicure--pedicure\/detail\/482\/triotect-huidcreme---het-wondermiddel-voor-de-huid.html\">Hier is de directe link Triotect om te bestellen.<\/a>\r\nMet ook nog eens extra (staffel-)kortingen vanaf 5 stuks en 10 stuks.","_nl_post_name":"triotect-huidcreme-het-wondermiddel-voor-de-huid","_nl_post_excerpt":"Triotect huidcr\u00e8me - H\u00e9t wondermiddel voor de huid\r\n\r\nAdviesprijs : \u20ac 14,95","_nl_post_title":"Triotect huidcr\u00e8me - h\u00e9t wondermiddel voor de huid","_en_post_content":"","_en_post_name":"","_en_post_excerpt":"","_en_post_title":"","edit_language":"en","_themeisle_gutenberg_block_has_review":false},"product_cat":[32],"product_tag":[],"class_list":{"0":"post-1203","1":"product","2":"type-product","3":"status-publish","4":"has-post-thumbnail","6":"product_cat-verzorging","8":"first","9":"instock","10":"featured","11":"taxable","12":"shipping-taxable","13":"purchasable","14":"product-type-simple"},"yoast_head":"<!-- This site is optimized with the Yoast SEO plugin v23.6 - https:\/\/yoast.com\/wordpress\/plugins\/seo\/ -->\n<title>Triotect huidcr\u00e8me - h\u00e9t wondermiddel voor de huid - dual-doggie.nl<\/title>\n<meta name=\"description\" content=\"De dual-doggie duo-rollijn is d\u00e9 oplossing om twee honden tegelijk uit te laten, nooit meer in de knoop met twee flexi&#039;s als u de dual-doggie gebruikt.\" \/>\n<meta name=\"robots\" content=\"index, follow, max-snippet:-1, max-image-preview:large, max-video-preview:-1\" \/>\n<link rel=\"canonical\" href=\"https:\/\/dual-doggie.nl\/en\/product\/triotect-huidcreme-het-wondermiddel-voor-de-huid\/\" \/>\n<meta property=\"og:locale\" content=\"en_GB\" \/>\n<meta property=\"og:type\" content=\"article\" \/>\n<meta property=\"og:title\" content=\"Triotect huidcr\u00e8me - h\u00e9t wondermiddel voor de huid - dual-doggie.nl\" \/>\n<meta property=\"og:description\" content=\"De dual-doggie duo-rollijn is d\u00e9 oplossing om twee honden tegelijk uit te laten, nooit meer in de knoop met twee flexi&#039;s als u de dual-doggie gebruikt.\" \/>\n<meta property=\"og:url\" content=\"https:\/\/dual-doggie.nl\/en\/product\/triotect-huidcreme-het-wondermiddel-voor-de-huid\/\" \/>\n<meta property=\"og:site_name\" content=\"dual-doggie.nl\" \/>\n<meta property=\"article:publisher\" content=\"http:\/\/www.facebook.com\/dualdoggie\" \/>\n<meta property=\"article:modified_time\" content=\"2024-01-17T22:43:27+00:00\" \/>\n<meta property=\"og:image\" content=\"https:\/\/dual-doggie.nl\/wp-content\/uploads\/2020\/02\/Triotect-de-huidbeschermer-beschermt-herstelt-en-hydrateert-de-huid-voorkant-tube.jpg\" \/>\n\t<meta property=\"og:image:width\" content=\"1707\" \/>\n\t<meta property=\"og:image:height\" content=\"1280\" \/>\n\t<meta property=\"og:image:type\" content=\"image\/jpeg\" \/>\n<meta name=\"twitter:card\" content=\"summary_large_image\" \/>\n<meta name=\"twitter:label1\" content=\"Estimated reading time\" \/>\n\t<meta name=\"twitter:data1\" content=\"3 minutes\" \/>\n<script type=\"application\/ld+json\" class=\"yoast-schema-graph\">{\"@context\":\"https:\/\/schema.org\",\"@graph\":[{\"@type\":\"WebPage\",\"@id\":\"https:\/\/dual-doggie.nl\/en\/product\/triotect-huidcreme-het-wondermiddel-voor-de-huid\/\",\"url\":\"https:\/\/dual-doggie.nl\/en\/product\/triotect-huidcreme-het-wondermiddel-voor-de-huid\/\",\"name\":\"Triotect huidcr\u00e8me - h\u00e9t wondermiddel voor de huid - dual-doggie.nl\",\"isPartOf\":{\"@id\":\"https:\/\/dual-doggie.nl\/en\/#website\"},\"primaryImageOfPage\":{\"@id\":\"https:\/\/dual-doggie.nl\/en\/product\/triotect-huidcreme-het-wondermiddel-voor-de-huid\/#primaryimage\"},\"image\":{\"@id\":\"https:\/\/dual-doggie.nl\/en\/product\/triotect-huidcreme-het-wondermiddel-voor-de-huid\/#primaryimage\"},\"thumbnailUrl\":\"https:\/\/dual-doggie.nl\/wp-content\/uploads\/2020\/02\/Triotect-de-huidbeschermer-beschermt-herstelt-en-hydrateert-de-huid-voorkant-tube.jpg\",\"datePublished\":\"2020-02-14T21:21:48+00:00\",\"dateModified\":\"2024-01-17T22:43:27+00:00\",\"description\":\"De dual-doggie duo-rollijn is d\u00e9 oplossing om twee honden tegelijk uit te laten, nooit meer in de knoop met twee flexi's als u de dual-doggie gebruikt.\",\"breadcrumb\":{\"@id\":\"https:\/\/dual-doggie.nl\/en\/product\/triotect-huidcreme-het-wondermiddel-voor-de-huid\/#breadcrumb\"},\"inLanguage\":\"en-GB\",\"potentialAction\":[{\"@type\":\"ReadAction\",\"target\":[\"https:\/\/dual-doggie.nl\/en\/product\/triotect-huidcreme-het-wondermiddel-voor-de-huid\/\"]}]},{\"@type\":\"ImageObject\",\"inLanguage\":\"en-GB\",\"@id\":\"https:\/\/dual-doggie.nl\/en\/product\/triotect-huidcreme-het-wondermiddel-voor-de-huid\/#primaryimage\",\"url\":\"https:\/\/dual-doggie.nl\/wp-content\/uploads\/2020\/02\/Triotect-de-huidbeschermer-beschermt-herstelt-en-hydrateert-de-huid-voorkant-tube.jpg\",\"contentUrl\":\"https:\/\/dual-doggie.nl\/wp-content\/uploads\/2020\/02\/Triotect-de-huidbeschermer-beschermt-herstelt-en-hydrateert-de-huid-voorkant-tube.jpg\",\"width\":1707,\"height\":1280},{\"@type\":\"BreadcrumbList\",\"@id\":\"https:\/\/dual-doggie.nl\/en\/product\/triotect-huidcreme-het-wondermiddel-voor-de-huid\/#breadcrumb\",\"itemListElement\":[{\"@type\":\"ListItem\",\"position\":1,\"name\":\"Home\",\"item\":\"https:\/\/dual-doggie.nl\/en\/\"},{\"@type\":\"ListItem\",\"position\":2,\"name\":\"Products\",\"item\":\"https:\/\/dual-doggie.nl\/en\/product\/\"},{\"@type\":\"ListItem\",\"position\":3,\"name\":\"Triotect huidcr\u00e8me &#8211; h\u00e9t wondermiddel voor de huid\"}]},{\"@type\":\"WebSite\",\"@id\":\"https:\/\/dual-doggie.nl\/en\/#website\",\"url\":\"https:\/\/dual-doggie.nl\/en\/\",\"name\":\"dual-doggie.nl\",\"description\":\"Twee honden uitlaten? Dit is d\u00e9 oplossing om nooit meer in de knoop te raken!\",\"publisher\":{\"@id\":\"https:\/\/dual-doggie.nl\/en\/#organization\"},\"potentialAction\":[{\"@type\":\"SearchAction\",\"target\":{\"@type\":\"EntryPoint\",\"urlTemplate\":\"https:\/\/dual-doggie.nl\/en\/?s={search_term_string}\"},\"query-input\":{\"@type\":\"PropertyValueSpecification\",\"valueRequired\":true,\"valueName\":\"search_term_string\"}}],\"inLanguage\":\"en-GB\"},{\"@type\":\"Organization\",\"@id\":\"https:\/\/dual-doggie.nl\/en\/#organization\",\"name\":\"Shopvoorjehond.nl\",\"url\":\"https:\/\/dual-doggie.nl\/en\/\",\"logo\":{\"@type\":\"ImageObject\",\"inLanguage\":\"en-GB\",\"@id\":\"https:\/\/dual-doggie.nl\/en\/#\/schema\/logo\/image\/\",\"url\":\"https:\/\/dual-doggie.nl\/wp-content\/uploads\/2016\/08\/Dual-doggie-200x35.png\",\"contentUrl\":\"https:\/\/dual-doggie.nl\/wp-content\/uploads\/2016\/08\/Dual-doggie-200x35.png\",\"width\":200,\"height\":35,\"caption\":\"Shopvoorjehond.nl\"},\"image\":{\"@id\":\"https:\/\/dual-doggie.nl\/en\/#\/schema\/logo\/image\/\"},\"sameAs\":[\"http:\/\/www.facebook.com\/dualdoggie\"]}]}<\/script>\n<!-- \/ Yoast SEO plugin. -->","yoast_head_json":{"title":"Triotect huidcr\u00e8me - h\u00e9t wondermiddel voor de huid - dual-doggie.nl","description":"De dual-doggie duo-rollijn is d\u00e9 oplossing om twee honden tegelijk uit te laten, nooit meer in de knoop met twee flexi's als u de dual-doggie gebruikt.","robots":{"index":"index","follow":"follow","max-snippet":"max-snippet:-1","max-image-preview":"max-image-preview:large","max-video-preview":"max-video-preview:-1"},"canonical":"https:\/\/dual-doggie.nl\/en\/product\/triotect-huidcreme-het-wondermiddel-voor-de-huid\/","og_locale":"en_GB","og_type":"article","og_title":"Triotect huidcr\u00e8me - h\u00e9t wondermiddel voor de huid - dual-doggie.nl","og_description":"De dual-doggie duo-rollijn is d\u00e9 oplossing om twee honden tegelijk uit te laten, nooit meer in de knoop met twee flexi's als u de dual-doggie gebruikt.","og_url":"https:\/\/dual-doggie.nl\/en\/product\/triotect-huidcreme-het-wondermiddel-voor-de-huid\/","og_site_name":"dual-doggie.nl","article_publisher":"http:\/\/www.facebook.com\/dualdoggie","article_modified_time":"2024-01-17T22:43:27+00:00","og_image":[{"width":1707,"height":1280,"url":"https:\/\/dual-doggie.nl\/wp-content\/uploads\/2020\/02\/Triotect-de-huidbeschermer-beschermt-herstelt-en-hydrateert-de-huid-voorkant-tube.jpg","type":"image\/jpeg"}],"twitter_card":"summary_large_image","twitter_misc":{"Estimated reading time":"3 minutes"},"schema":{"@context":"https:\/\/schema.org","@graph":[{"@type":"WebPage","@id":"https:\/\/dual-doggie.nl\/en\/product\/triotect-huidcreme-het-wondermiddel-voor-de-huid\/","url":"https:\/\/dual-doggie.nl\/en\/product\/triotect-huidcreme-het-wondermiddel-voor-de-huid\/","name":"Triotect huidcr\u00e8me - h\u00e9t wondermiddel voor de huid - dual-doggie.nl","isPartOf":{"@id":"https:\/\/dual-doggie.nl\/en\/#website"},"primaryImageOfPage":{"@id":"https:\/\/dual-doggie.nl\/en\/product\/triotect-huidcreme-het-wondermiddel-voor-de-huid\/#primaryimage"},"image":{"@id":"https:\/\/dual-doggie.nl\/en\/product\/triotect-huidcreme-het-wondermiddel-voor-de-huid\/#primaryimage"},"thumbnailUrl":"https:\/\/dual-doggie.nl\/wp-content\/uploads\/2020\/02\/Triotect-de-huidbeschermer-beschermt-herstelt-en-hydrateert-de-huid-voorkant-tube.jpg","datePublished":"2020-02-14T21:21:48+00:00","dateModified":"2024-01-17T22:43:27+00:00","description":"De dual-doggie duo-rollijn is d\u00e9 oplossing om twee honden tegelijk uit te laten, nooit meer in de knoop met twee flexi's als u de dual-doggie gebruikt.","breadcrumb":{"@id":"https:\/\/dual-doggie.nl\/en\/product\/triotect-huidcreme-het-wondermiddel-voor-de-huid\/#breadcrumb"},"inLanguage":"en-GB","potentialAction":[{"@type":"ReadAction","target":["https:\/\/dual-doggie.nl\/en\/product\/triotect-huidcreme-het-wondermiddel-voor-de-huid\/"]}]},{"@type":"ImageObject","inLanguage":"en-GB","@id":"https:\/\/dual-doggie.nl\/en\/product\/triotect-huidcreme-het-wondermiddel-voor-de-huid\/#primaryimage","url":"https:\/\/dual-doggie.nl\/wp-content\/uploads\/2020\/02\/Triotect-de-huidbeschermer-beschermt-herstelt-en-hydrateert-de-huid-voorkant-tube.jpg","contentUrl":"https:\/\/dual-doggie.nl\/wp-content\/uploads\/2020\/02\/Triotect-de-huidbeschermer-beschermt-herstelt-en-hydrateert-de-huid-voorkant-tube.jpg","width":1707,"height":1280},{"@type":"BreadcrumbList","@id":"https:\/\/dual-doggie.nl\/en\/product\/triotect-huidcreme-het-wondermiddel-voor-de-huid\/#breadcrumb","itemListElement":[{"@type":"ListItem","position":1,"name":"Home","item":"https:\/\/dual-doggie.nl\/en\/"},{"@type":"ListItem","position":2,"name":"Products","item":"https:\/\/dual-doggie.nl\/en\/product\/"},{"@type":"ListItem","position":3,"name":"Triotect huidcr\u00e8me &#8211; h\u00e9t wondermiddel voor de huid"}]},{"@type":"WebSite","@id":"https:\/\/dual-doggie.nl\/en\/#website","url":"https:\/\/dual-doggie.nl\/en\/","name":"dual-doggie.nl","description":"Twee honden uitlaten? Dit is d\u00e9 oplossing om nooit meer in de knoop te raken!","publisher":{"@id":"https:\/\/dual-doggie.nl\/en\/#organization"},"potentialAction":[{"@type":"SearchAction","target":{"@type":"EntryPoint","urlTemplate":"https:\/\/dual-doggie.nl\/en\/?s={search_term_string}"},"query-input":{"@type":"PropertyValueSpecification","valueRequired":true,"valueName":"search_term_string"}}],"inLanguage":"en-GB"},{"@type":"Organization","@id":"https:\/\/dual-doggie.nl\/en\/#organization","name":"Shopvoorjehond.nl","url":"https:\/\/dual-doggie.nl\/en\/","logo":{"@type":"ImageObject","inLanguage":"en-GB","@id":"https:\/\/dual-doggie.nl\/en\/#\/schema\/logo\/image\/","url":"https:\/\/dual-doggie.nl\/wp-content\/uploads\/2016\/08\/Dual-doggie-200x35.png","contentUrl":"https:\/\/dual-doggie.nl\/wp-content\/uploads\/2016\/08\/Dual-doggie-200x35.png","width":200,"height":35,"caption":"Shopvoorjehond.nl"},"image":{"@id":"https:\/\/dual-doggie.nl\/en\/#\/schema\/logo\/image\/"},"sameAs":["http:\/\/www.facebook.com\/dualdoggie"]}]}},"_links":{"self":[{"href":"https:\/\/dual-doggie.nl\/en\/wp-json\/wp\/v2\/product\/1203"}],"collection":[{"href":"https:\/\/dual-doggie.nl\/en\/wp-json\/wp\/v2\/product"}],"about":[{"href":"https:\/\/dual-doggie.nl\/en\/wp-json\/wp\/v2\/types\/product"}],"replies":[{"embeddable":true,"href":"https:\/\/dual-doggie.nl\/en\/wp-json\/wp\/v2\/comments?post=1203"}],"wp:featuredmedia":[{"embeddable":true,"href":"https:\/\/dual-doggie.nl\/en\/wp-json\/wp\/v2\/media\/1206"}],"wp:attachment":[{"href":"https:\/\/dual-doggie.nl\/en\/wp-json\/wp\/v2\/media?parent=1203"}],"wp:term":[{"taxonomy":"product_cat","embeddable":true,"href":"https:\/\/dual-doggie.nl\/en\/wp-json\/wp\/v2\/product_cat?post=1203"},{"taxonomy":"product_tag","embeddable":true,"href":"https:\/\/dual-doggie.nl\/en\/wp-json\/wp\/v2\/product_tag?post=1203"}],"curies":[{"name":"wp","href":"https:\/\/api.w.org\/{rel}","templated":true}]}}